{"id":913,"date":"2022-08-16T19:16:21","date_gmt":"2022-08-16T19:16:21","guid":{"rendered":"https:\/\/evercoat.fmtemp.com\/?post_type=product&#038;p=913"},"modified":"2026-02-24T18:23:31","modified_gmt":"2026-02-24T18:23:31","slug":"light-speed-led-cure-high-build-primer","status":"publish","type":"product","link":"https:\/\/www.evercoat.com\/es\/product\/light-speed-led-cure-high-build-primer\/","title":{"rendered":"100398 \u2013 Light Speed\u00ae UV Cure Primer Surfacer"},"content":{"rendered":"<table class=\"table\" width=\"100%\">\n<tbody>\n<tr class=\"subProductDetailsHeader hidden-sm hidden-xs\">\n<th width=\"25%\">Part Number<\/th>\n<th width=\"25%\">Size<\/th>\n<th width=\"25%\">Units\/Case<\/th>\n<th width=\"25%\">Wt\/Case<\/th>\n<\/tr>\n<tr class=\"subProductDetails hidden-sm hidden-xs\">\n<td>100398<\/td>\n<td>1 QT<\/td>\n<td>6<\/td>\n<\/tr>\n<\/tbody>\n<\/table>\n","protected":false},"excerpt":{"rendered":"<p>Light Speed\u00ae UV Cure Primer Surfacer es un primer de poli\u00e9ster 1K, listo para pulverizar. Ofrece un alto poder de relleno y cura de forma ultrarr\u00e1pida en solo 5 minutos, con capacidad de nivelaci\u00f3n y relleno l\u00edder en la industria. Comb\u00ednalo con Light Speed\u00ae Optex Premium Lightweight Filler para obtener el d\u00fao m\u00e1s premium de Evercoat.<\/p>\n<p><strong>Beneficios:<\/strong><\/p>\n<ul>\n<li>1K, listo para pulverizar, ideal para uso diario<\/li>\n<li>Tiempo de curado UV ultrarr\u00e1pido de 5 minutos (con l\u00e1mpara)<\/li>\n<li>Estable en la pistola de pulverizaci\u00f3n por hasta 48 horas<\/li>\n<li>Alto espesor (2\u20132.5 mils por capa)<\/li>\n<li>Lijado superior<\/li>\n<li>Relleno, nivelaci\u00f3n y cobertura l\u00edderes en la industria<\/li>\n<li>M\u00e1s de 500 horas de resistencia a la corrosi\u00f3n (ASTM B117)<\/li>\n<\/ul>\n","protected":false},"featured_media":29193,"comment_status":"closed","ping_status":"closed","template":"","meta":{"_acf_changed":false,"_et_pb_use_builder":"","_et_pb_old_content":"","_et_gb_content_width":"","content-type":""},"product_brand":[],"product_cat":[53,50,38,45],"product_tag":[],"class_list":{"0":"post-913","1":"product","2":"type-product","3":"status-publish","4":"has-post-thumbnail","6":"product_cat-primers-clears","7":"product_cat-light-speed","8":"product_cat-brand","9":"product_cat-product-type","11":"first","12":"instock","13":"virtual","14":"product-type-simple"},"acf":[],"yoast_head":"<!-- This site is optimized with the Yoast SEO plugin v27.4 - https:\/\/yoast.com\/product\/yoast-seo-wordpress\/ -->\n<title>100398 \u2013 Light Speed\u00ae UV Cure Primer Surfacer - ITW Evercoat Spanish<\/title>\n<meta name=\"robots\" content=\"index, follow, max-snippet:-1, max-image-preview:large, max-video-preview:-1\" \/>\n<link rel=\"canonical\" href=\"https:\/\/www.evercoat.com\/es\/product\/light-speed-led-cure-high-build-primer\/\" \/>\n<meta property=\"og:locale\" content=\"en_US\" \/>\n<meta property=\"og:type\" content=\"article\" \/>\n<meta property=\"og:title\" content=\"100398 \u2013 Light Speed\u00ae UV Cure Primer Surfacer - ITW Evercoat Spanish\" \/>\n<meta property=\"og:description\" content=\"Light Speed\u00ae UV Cure Primer Surfacer es un primer de poli\u00e9ster 1K, listo para pulverizar. Ofrece un alto poder de relleno y cura de forma ultrarr\u00e1pida en solo 5 minutos, con capacidad de nivelaci\u00f3n y relleno l\u00edder en la industria. Comb\u00ednalo con Light Speed\u00ae Optex Premium Lightweight Filler para obtener el d\u00fao m\u00e1s premium de Evercoat.  Beneficios:   1K, listo para pulverizar, ideal para uso diario  Tiempo de curado UV ultrarr\u00e1pido de 5 minutos (con l\u00e1mpara)  Estable en la pistola de pulverizaci\u00f3n por hasta 48 horas  Alto espesor (2\u20132.5 mils por capa)  Lijado superior  Relleno, nivelaci\u00f3n y cobertura l\u00edderes en la industria  M\u00e1s de 500 horas de resistencia a la corrosi\u00f3n (ASTM B117)\" \/>\n<meta property=\"og:url\" content=\"https:\/\/www.evercoat.com\/es\/product\/light-speed-led-cure-high-build-primer\/\" \/>\n<meta property=\"og:site_name\" content=\"ITW Evercoat Spanish\" \/>\n<meta property=\"article:modified_time\" content=\"2026-02-24T18:23:31+00:00\" \/>\n<meta property=\"og:image\" content=\"https:\/\/www.evercoat.com\/es\/wp-content\/uploads\/sites\/2\/2025\/12\/100398-light-speed-front.webp\" \/>\n\t<meta property=\"og:image:width\" content=\"1000\" \/>\n\t<meta property=\"og:image:height\" content=\"1042\" \/>\n\t<meta property=\"og:image:type\" content=\"image\/webp\" \/>\n<meta name=\"twitter:card\" content=\"summary_large_image\" \/>\n<meta name=\"twitter:label1\" content=\"Est. reading time\" \/>\n\t<meta name=\"twitter:data1\" content=\"1 minute\" \/>\n<script type=\"application\/ld+json\" class=\"yoast-schema-graph\">{\"@context\":\"https:\\\/\\\/schema.org\",\"@graph\":[{\"@type\":\"WebPage\",\"@id\":\"https:\\\/\\\/www.evercoat.com\\\/es\\\/product\\\/light-speed-led-cure-high-build-primer\\\/\",\"url\":\"https:\\\/\\\/www.evercoat.com\\\/es\\\/product\\\/light-speed-led-cure-high-build-primer\\\/\",\"name\":\"100398 \u2013 Light Speed\u00ae UV Cure Primer Surfacer - ITW Evercoat Spanish\",\"isPartOf\":{\"@id\":\"https:\\\/\\\/www.evercoat.com\\\/es\\\/#website\"},\"primaryImageOfPage\":{\"@id\":\"https:\\\/\\\/www.evercoat.com\\\/es\\\/product\\\/light-speed-led-cure-high-build-primer\\\/#primaryimage\"},\"image\":{\"@id\":\"https:\\\/\\\/www.evercoat.com\\\/es\\\/product\\\/light-speed-led-cure-high-build-primer\\\/#primaryimage\"},\"thumbnailUrl\":\"https:\\\/\\\/www.evercoat.com\\\/es\\\/wp-content\\\/uploads\\\/sites\\\/2\\\/2025\\\/12\\\/100398-light-speed-front.webp\",\"datePublished\":\"2022-08-16T19:16:21+00:00\",\"dateModified\":\"2026-02-24T18:23:31+00:00\",\"breadcrumb\":{\"@id\":\"https:\\\/\\\/www.evercoat.com\\\/es\\\/product\\\/light-speed-led-cure-high-build-primer\\\/#breadcrumb\"},\"inLanguage\":\"en-US\",\"potentialAction\":[{\"@type\":\"ReadAction\",\"target\":[\"https:\\\/\\\/www.evercoat.com\\\/es\\\/product\\\/light-speed-led-cure-high-build-primer\\\/\"]}]},{\"@type\":\"ImageObject\",\"inLanguage\":\"en-US\",\"@id\":\"https:\\\/\\\/www.evercoat.com\\\/es\\\/product\\\/light-speed-led-cure-high-build-primer\\\/#primaryimage\",\"url\":\"https:\\\/\\\/www.evercoat.com\\\/es\\\/wp-content\\\/uploads\\\/sites\\\/2\\\/2025\\\/12\\\/100398-light-speed-front.webp\",\"contentUrl\":\"https:\\\/\\\/www.evercoat.com\\\/es\\\/wp-content\\\/uploads\\\/sites\\\/2\\\/2025\\\/12\\\/100398-light-speed-front.webp\",\"width\":1000,\"height\":1042,\"caption\":\"100398 light speed container front\"},{\"@type\":\"BreadcrumbList\",\"@id\":\"https:\\\/\\\/www.evercoat.com\\\/es\\\/product\\\/light-speed-led-cure-high-build-primer\\\/#breadcrumb\",\"itemListElement\":[{\"@type\":\"ListItem\",\"position\":1,\"name\":\"Home\",\"item\":\"https:\\\/\\\/www.evercoat.com\\\/es\\\/\"},{\"@type\":\"ListItem\",\"position\":2,\"name\":\"Taller\",\"item\":\"https:\\\/\\\/www.evercoat.com\\\/es\\\/shop\\\/\"},{\"@type\":\"ListItem\",\"position\":3,\"name\":\"100398 \u2013 Light Speed\u00ae UV Cure Primer Surfacer\"}]},{\"@type\":\"WebSite\",\"@id\":\"https:\\\/\\\/www.evercoat.com\\\/es\\\/#website\",\"url\":\"https:\\\/\\\/www.evercoat.com\\\/es\\\/\",\"name\":\"ITW Evercoat Spanish\",\"description\":\"\",\"potentialAction\":[{\"@type\":\"SearchAction\",\"target\":{\"@type\":\"EntryPoint\",\"urlTemplate\":\"https:\\\/\\\/www.evercoat.com\\\/es\\\/?s={search_term_string}\"},\"query-input\":{\"@type\":\"PropertyValueSpecification\",\"valueRequired\":true,\"valueName\":\"search_term_string\"}}],\"inLanguage\":\"en-US\"}]}<\/script>\n<!-- \/ Yoast SEO plugin. -->","yoast_head_json":{"title":"100398 \u2013 Light Speed\u00ae UV Cure Primer Surfacer - ITW Evercoat Spanish","robots":{"index":"index","follow":"follow","max-snippet":"max-snippet:-1","max-image-preview":"max-image-preview:large","max-video-preview":"max-video-preview:-1"},"canonical":"https:\/\/www.evercoat.com\/es\/product\/light-speed-led-cure-high-build-primer\/","og_locale":"en_US","og_type":"article","og_title":"100398 \u2013 Light Speed\u00ae UV Cure Primer Surfacer - ITW Evercoat Spanish","og_description":"Light Speed\u00ae UV Cure Primer Surfacer es un primer de poli\u00e9ster 1K, listo para pulverizar. Ofrece un alto poder de relleno y cura de forma ultrarr\u00e1pida en solo 5 minutos, con capacidad de nivelaci\u00f3n y relleno l\u00edder en la industria. Comb\u00ednalo con Light Speed\u00ae Optex Premium Lightweight Filler para obtener el d\u00fao m\u00e1s premium de Evercoat.  Beneficios:   1K, listo para pulverizar, ideal para uso diario  Tiempo de curado UV ultrarr\u00e1pido de 5 minutos (con l\u00e1mpara)  Estable en la pistola de pulverizaci\u00f3n por hasta 48 horas  Alto espesor (2\u20132.5 mils por capa)  Lijado superior  Relleno, nivelaci\u00f3n y cobertura l\u00edderes en la industria  M\u00e1s de 500 horas de resistencia a la corrosi\u00f3n (ASTM B117)","og_url":"https:\/\/www.evercoat.com\/es\/product\/light-speed-led-cure-high-build-primer\/","og_site_name":"ITW Evercoat Spanish","article_modified_time":"2026-02-24T18:23:31+00:00","og_image":[{"width":1000,"height":1042,"url":"https:\/\/www.evercoat.com\/es\/wp-content\/uploads\/sites\/2\/2025\/12\/100398-light-speed-front.webp","type":"image\/webp"}],"twitter_card":"summary_large_image","twitter_misc":{"Est. reading time":"1 minute"},"schema":{"@context":"https:\/\/schema.org","@graph":[{"@type":"WebPage","@id":"https:\/\/www.evercoat.com\/es\/product\/light-speed-led-cure-high-build-primer\/","url":"https:\/\/www.evercoat.com\/es\/product\/light-speed-led-cure-high-build-primer\/","name":"100398 \u2013 Light Speed\u00ae UV Cure Primer Surfacer - ITW Evercoat Spanish","isPartOf":{"@id":"https:\/\/www.evercoat.com\/es\/#website"},"primaryImageOfPage":{"@id":"https:\/\/www.evercoat.com\/es\/product\/light-speed-led-cure-high-build-primer\/#primaryimage"},"image":{"@id":"https:\/\/www.evercoat.com\/es\/product\/light-speed-led-cure-high-build-primer\/#primaryimage"},"thumbnailUrl":"https:\/\/www.evercoat.com\/es\/wp-content\/uploads\/sites\/2\/2025\/12\/100398-light-speed-front.webp","datePublished":"2022-08-16T19:16:21+00:00","dateModified":"2026-02-24T18:23:31+00:00","breadcrumb":{"@id":"https:\/\/www.evercoat.com\/es\/product\/light-speed-led-cure-high-build-primer\/#breadcrumb"},"inLanguage":"en-US","potentialAction":[{"@type":"ReadAction","target":["https:\/\/www.evercoat.com\/es\/product\/light-speed-led-cure-high-build-primer\/"]}]},{"@type":"ImageObject","inLanguage":"en-US","@id":"https:\/\/www.evercoat.com\/es\/product\/light-speed-led-cure-high-build-primer\/#primaryimage","url":"https:\/\/www.evercoat.com\/es\/wp-content\/uploads\/sites\/2\/2025\/12\/100398-light-speed-front.webp","contentUrl":"https:\/\/www.evercoat.com\/es\/wp-content\/uploads\/sites\/2\/2025\/12\/100398-light-speed-front.webp","width":1000,"height":1042,"caption":"100398 light speed container front"},{"@type":"BreadcrumbList","@id":"https:\/\/www.evercoat.com\/es\/product\/light-speed-led-cure-high-build-primer\/#breadcrumb","itemListElement":[{"@type":"ListItem","position":1,"name":"Home","item":"https:\/\/www.evercoat.com\/es\/"},{"@type":"ListItem","position":2,"name":"Taller","item":"https:\/\/www.evercoat.com\/es\/shop\/"},{"@type":"ListItem","position":3,"name":"100398 \u2013 Light Speed\u00ae UV Cure Primer Surfacer"}]},{"@type":"WebSite","@id":"https:\/\/www.evercoat.com\/es\/#website","url":"https:\/\/www.evercoat.com\/es\/","name":"ITW Evercoat Spanish","description":"","potentialAction":[{"@type":"SearchAction","target":{"@type":"EntryPoint","urlTemplate":"https:\/\/www.evercoat.com\/es\/?s={search_term_string}"},"query-input":{"@type":"PropertyValueSpecification","valueRequired":true,"valueName":"search_term_string"}}],"inLanguage":"en-US"}]}},"_links":{"self":[{"href":"https:\/\/www.evercoat.com\/es\/wp-json\/wp\/v2\/product\/913","targetHints":{"allow":["GET"]}}],"collection":[{"href":"https:\/\/www.evercoat.com\/es\/wp-json\/wp\/v2\/product"}],"about":[{"href":"https:\/\/www.evercoat.com\/es\/wp-json\/wp\/v2\/types\/product"}],"replies":[{"embeddable":true,"href":"https:\/\/www.evercoat.com\/es\/wp-json\/wp\/v2\/comments?post=913"}],"wp:featuredmedia":[{"embeddable":true,"href":"https:\/\/www.evercoat.com\/es\/wp-json\/wp\/v2\/media\/29193"}],"wp:attachment":[{"href":"https:\/\/www.evercoat.com\/es\/wp-json\/wp\/v2\/media?parent=913"}],"wp:term":[{"taxonomy":"product_brand","embeddable":true,"href":"https:\/\/www.evercoat.com\/es\/wp-json\/wp\/v2\/product_brand?post=913"},{"taxonomy":"product_cat","embeddable":true,"href":"https:\/\/www.evercoat.com\/es\/wp-json\/wp\/v2\/product_cat?post=913"},{"taxonomy":"product_tag","embeddable":true,"href":"https:\/\/www.evercoat.com\/es\/wp-json\/wp\/v2\/product_tag?post=913"}],"curies":[{"name":"wp","href":"https:\/\/api.w.org\/{rel}","templated":true}]}}