{"id":581,"date":"2022-08-15T21:31:02","date_gmt":"2022-08-15T21:31:02","guid":{"rendered":"https:\/\/evercoat.fmtemp.com\/?post_type=product&#038;p=581"},"modified":"2023-10-25T18:00:44","modified_gmt":"2023-10-25T18:00:44","slug":"clay-magic-red-medium-grade","status":"publish","type":"product","link":"https:\/\/www.evercoat.com\/es\/product\/clay-magic-red-medium-grade\/","title":{"rendered":"101200 &#8211; Clay Magic\u00ae Red, Medium Grade"},"content":{"rendered":"<table class=\"table\" width=\"100%\">\n<tbody>\n<tr class=\"subProductDetailsHeader hidden-sm hidden-xs\">\n<th width=\"25%\">Part Number<\/th>\n<th width=\"25%\">Size<\/th>\n<th width=\"25%\">Units\/Case<\/th>\n<th width=\"25%\">Wt\/Case<\/th>\n<\/tr>\n<tr class=\"subProductDetails hidden-sm hidden-xs\">\n<td>101200<\/td>\n<td>1 CA<\/td>\n<td>6<\/td>\n<td>1.814\/KG<\/td>\n<\/tr>\n<\/tbody>\n<\/table>\n","protected":false},"excerpt":{"rendered":"<p>Elimina r\u00e1pida y f\u00e1cilmente los contaminantes de la superficie, como el exceso de pulverizaci\u00f3n de pintura, polvo de residuos met\u00e1licos, la lluvia \u00e1cida industrial, los insectos, el alquitr\u00e1n, etc. Seguro para su uso en pintura, cromo, vidrio y fibra de vidrio. Grado medio (rojo) elimina contaminantes moderados a pesados; El grado fino (azul) elimina contaminantes ligeros a moderados.<\/p>\n","protected":false},"featured_media":583,"comment_status":"closed","ping_status":"closed","template":"","meta":{"_acf_changed":false,"_et_pb_use_builder":"","_et_pb_old_content":"","_et_gb_content_width":"","content-type":""},"product_brand":[],"product_cat":[44],"product_tag":[],"class_list":{"0":"post-581","1":"product","2":"type-product","3":"status-publish","4":"has-post-thumbnail","6":"product_cat-solutions","8":"first","9":"instock","10":"virtual","11":"product-type-simple"},"acf":[],"yoast_head":"<!-- This site is optimized with the Yoast SEO plugin v27.1.1 - https:\/\/yoast.com\/product\/yoast-seo-wordpress\/ -->\n<title>101200 - Clay Magic\u00ae Red, Medium Grade - ITW Evercoat Spanish<\/title>\n<meta name=\"robots\" content=\"index, follow, max-snippet:-1, max-image-preview:large, max-video-preview:-1\" \/>\n<link rel=\"canonical\" href=\"https:\/\/www.evercoat.com\/es\/product\/clay-magic-red-medium-grade\/\" \/>\n<meta property=\"og:locale\" content=\"en_US\" \/>\n<meta property=\"og:type\" content=\"article\" \/>\n<meta property=\"og:title\" content=\"101200 - Clay Magic\u00ae Red, Medium Grade - ITW Evercoat Spanish\" \/>\n<meta property=\"og:description\" content=\"Elimina r\u00e1pida y f\u00e1cilmente los contaminantes de la superficie, como el exceso de pulverizaci\u00f3n de pintura, polvo de residuos met\u00e1licos, la lluvia \u00e1cida industrial, los insectos, el alquitr\u00e1n, etc. Seguro para su uso en pintura, cromo, vidrio y fibra de vidrio. Grado medio (rojo) elimina contaminantes moderados a pesados; El grado fino (azul) elimina contaminantes ligeros a moderados.\" \/>\n<meta property=\"og:url\" content=\"https:\/\/www.evercoat.com\/es\/product\/clay-magic-red-medium-grade\/\" \/>\n<meta property=\"og:site_name\" content=\"ITW Evercoat Spanish\" \/>\n<meta property=\"article:modified_time\" content=\"2023-10-25T18:00:44+00:00\" \/>\n<meta property=\"og:image\" content=\"https:\/\/www.evercoat.com\/es\/wp-content\/uploads\/sites\/2\/2022\/08\/Clay-Magic-Red-Medium-Grade.jpg\" \/>\n\t<meta property=\"og:image:width\" content=\"400\" \/>\n\t<meta property=\"og:image:height\" content=\"450\" \/>\n\t<meta property=\"og:image:type\" content=\"image\/jpeg\" \/>\n<meta name=\"twitter:card\" content=\"summary_large_image\" \/>\n<meta name=\"twitter:label1\" content=\"Est. reading time\" \/>\n\t<meta name=\"twitter:data1\" content=\"1 minute\" \/>\n<script type=\"application\/ld+json\" class=\"yoast-schema-graph\">{\"@context\":\"https:\/\/schema.org\",\"@graph\":[{\"@type\":\"WebPage\",\"@id\":\"https:\/\/www.evercoat.com\/es\/product\/clay-magic-red-medium-grade\/\",\"url\":\"https:\/\/www.evercoat.com\/es\/product\/clay-magic-red-medium-grade\/\",\"name\":\"101200 - Clay Magic\u00ae Red, Medium Grade - ITW Evercoat Spanish\",\"isPartOf\":{\"@id\":\"https:\/\/www.evercoat.com\/es\/#website\"},\"primaryImageOfPage\":{\"@id\":\"https:\/\/www.evercoat.com\/es\/product\/clay-magic-red-medium-grade\/#primaryimage\"},\"image\":{\"@id\":\"https:\/\/www.evercoat.com\/es\/product\/clay-magic-red-medium-grade\/#primaryimage\"},\"thumbnailUrl\":\"https:\/\/www.evercoat.com\/es\/wp-content\/uploads\/sites\/2\/2022\/08\/Clay-Magic-Red-Medium-Grade.jpg\",\"datePublished\":\"2022-08-15T21:31:02+00:00\",\"dateModified\":\"2023-10-25T18:00:44+00:00\",\"breadcrumb\":{\"@id\":\"https:\/\/www.evercoat.com\/es\/product\/clay-magic-red-medium-grade\/#breadcrumb\"},\"inLanguage\":\"en-US\",\"potentialAction\":[{\"@type\":\"ReadAction\",\"target\":[\"https:\/\/www.evercoat.com\/es\/product\/clay-magic-red-medium-grade\/\"]}]},{\"@type\":\"ImageObject\",\"inLanguage\":\"en-US\",\"@id\":\"https:\/\/www.evercoat.com\/es\/product\/clay-magic-red-medium-grade\/#primaryimage\",\"url\":\"https:\/\/www.evercoat.com\/es\/wp-content\/uploads\/sites\/2\/2022\/08\/Clay-Magic-Red-Medium-Grade.jpg\",\"contentUrl\":\"https:\/\/www.evercoat.com\/es\/wp-content\/uploads\/sites\/2\/2022\/08\/Clay-Magic-Red-Medium-Grade.jpg\",\"width\":400,\"height\":450},{\"@type\":\"BreadcrumbList\",\"@id\":\"https:\/\/www.evercoat.com\/es\/product\/clay-magic-red-medium-grade\/#breadcrumb\",\"itemListElement\":[{\"@type\":\"ListItem\",\"position\":1,\"name\":\"Home\",\"item\":\"https:\/\/www.evercoat.com\/es\/\"},{\"@type\":\"ListItem\",\"position\":2,\"name\":\"Taller\",\"item\":\"https:\/\/www.evercoat.com\/es\/shop\/\"},{\"@type\":\"ListItem\",\"position\":3,\"name\":\"101200 &#8211; Clay Magic\u00ae Red, Medium Grade\"}]},{\"@type\":\"WebSite\",\"@id\":\"https:\/\/www.evercoat.com\/es\/#website\",\"url\":\"https:\/\/www.evercoat.com\/es\/\",\"name\":\"ITW Evercoat Spanish\",\"description\":\"\",\"potentialAction\":[{\"@type\":\"SearchAction\",\"target\":{\"@type\":\"EntryPoint\",\"urlTemplate\":\"https:\/\/www.evercoat.com\/es\/?s={search_term_string}\"},\"query-input\":{\"@type\":\"PropertyValueSpecification\",\"valueRequired\":true,\"valueName\":\"search_term_string\"}}],\"inLanguage\":\"en-US\"}]}<\/script>\n<!-- \/ Yoast SEO plugin. -->","yoast_head_json":{"title":"101200 - Clay Magic\u00ae Red, Medium Grade - ITW Evercoat Spanish","robots":{"index":"index","follow":"follow","max-snippet":"max-snippet:-1","max-image-preview":"max-image-preview:large","max-video-preview":"max-video-preview:-1"},"canonical":"https:\/\/www.evercoat.com\/es\/product\/clay-magic-red-medium-grade\/","og_locale":"en_US","og_type":"article","og_title":"101200 - Clay Magic\u00ae Red, Medium Grade - ITW Evercoat Spanish","og_description":"Elimina r\u00e1pida y f\u00e1cilmente los contaminantes de la superficie, como el exceso de pulverizaci\u00f3n de pintura, polvo de residuos met\u00e1licos, la lluvia \u00e1cida industrial, los insectos, el alquitr\u00e1n, etc. Seguro para su uso en pintura, cromo, vidrio y fibra de vidrio. Grado medio (rojo) elimina contaminantes moderados a pesados; El grado fino (azul) elimina contaminantes ligeros a moderados.","og_url":"https:\/\/www.evercoat.com\/es\/product\/clay-magic-red-medium-grade\/","og_site_name":"ITW Evercoat Spanish","article_modified_time":"2023-10-25T18:00:44+00:00","og_image":[{"width":400,"height":450,"url":"https:\/\/www.evercoat.com\/es\/wp-content\/uploads\/sites\/2\/2022\/08\/Clay-Magic-Red-Medium-Grade.jpg","type":"image\/jpeg"}],"twitter_card":"summary_large_image","twitter_misc":{"Est. reading time":"1 minute"},"schema":{"@context":"https:\/\/schema.org","@graph":[{"@type":"WebPage","@id":"https:\/\/www.evercoat.com\/es\/product\/clay-magic-red-medium-grade\/","url":"https:\/\/www.evercoat.com\/es\/product\/clay-magic-red-medium-grade\/","name":"101200 - Clay Magic\u00ae Red, Medium Grade - ITW Evercoat Spanish","isPartOf":{"@id":"https:\/\/www.evercoat.com\/es\/#website"},"primaryImageOfPage":{"@id":"https:\/\/www.evercoat.com\/es\/product\/clay-magic-red-medium-grade\/#primaryimage"},"image":{"@id":"https:\/\/www.evercoat.com\/es\/product\/clay-magic-red-medium-grade\/#primaryimage"},"thumbnailUrl":"https:\/\/www.evercoat.com\/es\/wp-content\/uploads\/sites\/2\/2022\/08\/Clay-Magic-Red-Medium-Grade.jpg","datePublished":"2022-08-15T21:31:02+00:00","dateModified":"2023-10-25T18:00:44+00:00","breadcrumb":{"@id":"https:\/\/www.evercoat.com\/es\/product\/clay-magic-red-medium-grade\/#breadcrumb"},"inLanguage":"en-US","potentialAction":[{"@type":"ReadAction","target":["https:\/\/www.evercoat.com\/es\/product\/clay-magic-red-medium-grade\/"]}]},{"@type":"ImageObject","inLanguage":"en-US","@id":"https:\/\/www.evercoat.com\/es\/product\/clay-magic-red-medium-grade\/#primaryimage","url":"https:\/\/www.evercoat.com\/es\/wp-content\/uploads\/sites\/2\/2022\/08\/Clay-Magic-Red-Medium-Grade.jpg","contentUrl":"https:\/\/www.evercoat.com\/es\/wp-content\/uploads\/sites\/2\/2022\/08\/Clay-Magic-Red-Medium-Grade.jpg","width":400,"height":450},{"@type":"BreadcrumbList","@id":"https:\/\/www.evercoat.com\/es\/product\/clay-magic-red-medium-grade\/#breadcrumb","itemListElement":[{"@type":"ListItem","position":1,"name":"Home","item":"https:\/\/www.evercoat.com\/es\/"},{"@type":"ListItem","position":2,"name":"Taller","item":"https:\/\/www.evercoat.com\/es\/shop\/"},{"@type":"ListItem","position":3,"name":"101200 &#8211; Clay Magic\u00ae Red, Medium Grade"}]},{"@type":"WebSite","@id":"https:\/\/www.evercoat.com\/es\/#website","url":"https:\/\/www.evercoat.com\/es\/","name":"ITW Evercoat Spanish","description":"","potentialAction":[{"@type":"SearchAction","target":{"@type":"EntryPoint","urlTemplate":"https:\/\/www.evercoat.com\/es\/?s={search_term_string}"},"query-input":{"@type":"PropertyValueSpecification","valueRequired":true,"valueName":"search_term_string"}}],"inLanguage":"en-US"}]}},"_links":{"self":[{"href":"https:\/\/www.evercoat.com\/es\/wp-json\/wp\/v2\/product\/581","targetHints":{"allow":["GET"]}}],"collection":[{"href":"https:\/\/www.evercoat.com\/es\/wp-json\/wp\/v2\/product"}],"about":[{"href":"https:\/\/www.evercoat.com\/es\/wp-json\/wp\/v2\/types\/product"}],"replies":[{"embeddable":true,"href":"https:\/\/www.evercoat.com\/es\/wp-json\/wp\/v2\/comments?post=581"}],"wp:featuredmedia":[{"embeddable":true,"href":"https:\/\/www.evercoat.com\/es\/wp-json\/wp\/v2\/media\/583"}],"wp:attachment":[{"href":"https:\/\/www.evercoat.com\/es\/wp-json\/wp\/v2\/media?parent=581"}],"wp:term":[{"taxonomy":"product_brand","embeddable":true,"href":"https:\/\/www.evercoat.com\/es\/wp-json\/wp\/v2\/product_brand?post=581"},{"taxonomy":"product_cat","embeddable":true,"href":"https:\/\/www.evercoat.com\/es\/wp-json\/wp\/v2\/product_cat?post=581"},{"taxonomy":"product_tag","embeddable":true,"href":"https:\/\/www.evercoat.com\/es\/wp-json\/wp\/v2\/product_tag?post=581"}],"curies":[{"name":"wp","href":"https:\/\/api.w.org\/{rel}","templated":true}]}}