{"id":446,"date":"2022-08-12T16:54:12","date_gmt":"2022-08-12T16:54:12","guid":{"rendered":"https:\/\/evercoat.fmtemp.com\/?post_type=product&#038;p=446"},"modified":"2023-10-25T17:13:54","modified_gmt":"2023-10-25T17:13:54","slug":"commercial-optex-3-gallon-pail-mechanical","status":"publish","type":"product","link":"https:\/\/www.evercoat.com\/es\/product\/commercial-optex-3-gallon-pail-mechanical\/","title":{"rendered":"100194 &#8211; Commercial OPTEX\u00ae 3 Gallon Pail &#8211; Mechanical"},"content":{"rendered":"<table class=\"table\" width=\"100%\">\n<tbody>\n<tr class=\"subProductDetailsHeader hidden-sm hidden-xs\">\n<th width=\"25%\">Part Number<\/th>\n<th width=\"25%\">Size<\/th>\n<th width=\"25%\">Units\/Case<\/th>\n<th width=\"25%\">Wt\/Case<\/th>\n<\/tr>\n<tr class=\"subProductDetails hidden-sm hidden-xs\">\n<td>100194<\/td>\n<td>3 GA<\/td>\n<td>1<\/td>\n<td>11.200\/KG<\/td>\n<\/tr>\n<\/tbody>\n<\/table>\n<p>&nbsp;<\/p>\n","protected":false},"excerpt":{"rendered":"<p>Commercial OPTEX\u00ae es una masilla ultra-premium cuenta con tiempo de trabajo prolongado, esto ayuda a los t\u00e9cnicos comerciales, industriales y de colisi\u00f3n a trabajar en \u00e1reas de reparaci\u00f3n m\u00e1s largas. Commercial OPTEX se esparce f\u00e1cil y pr\u00e1cticamente se elimina los puntos de alfiler, como resultado de nuestra tecnolog\u00eda patentada EcoResin\u2122. Commecial OPTEX cuenta con la tecnolog\u00eda patentada de cambio de color OPTEX, con la que se puede apreciar la masilla cambia de rosa a gris claro-verdoso cuando est\u00e1 listo para lijar<\/p>\n","protected":false},"featured_media":436,"comment_status":"closed","ping_status":"closed","template":"","meta":{"_acf_changed":false,"_et_pb_use_builder":"","_et_pb_old_content":"","_et_gb_content_width":"","content-type":""},"product_brand":[],"product_cat":[27,29,33,28,30],"product_tag":[],"class_list":{"0":"post-446","1":"product","2":"type-product","3":"status-publish","4":"has-post-thumbnail","6":"product_cat-color-change","7":"product_cat-commercial","8":"product_cat-industry","9":"product_cat-optex","10":"product_cat-commercial-repair","12":"first","13":"instock","14":"virtual","15":"product-type-simple"},"acf":[],"yoast_head":"<!-- This site is optimized with the Yoast SEO plugin v27.1.1 - https:\/\/yoast.com\/product\/yoast-seo-wordpress\/ -->\n<title>100194 - Commercial OPTEX\u00ae 3 Gallon Pail - Mechanical - ITW Evercoat Spanish<\/title>\n<meta name=\"robots\" content=\"index, follow, max-snippet:-1, max-image-preview:large, max-video-preview:-1\" \/>\n<link rel=\"canonical\" href=\"https:\/\/www.evercoat.com\/es\/product\/commercial-optex-3-gallon-pail-mechanical\/\" \/>\n<meta property=\"og:locale\" content=\"en_US\" \/>\n<meta property=\"og:type\" content=\"article\" \/>\n<meta property=\"og:title\" content=\"100194 - Commercial OPTEX\u00ae 3 Gallon Pail - Mechanical - ITW Evercoat Spanish\" \/>\n<meta property=\"og:description\" content=\"Commercial OPTEX\u00ae es una masilla ultra-premium cuenta con tiempo de trabajo prolongado, esto ayuda a los t\u00e9cnicos comerciales, industriales y de colisi\u00f3n a trabajar en \u00e1reas de reparaci\u00f3n m\u00e1s largas. Commercial OPTEX se esparce f\u00e1cil y pr\u00e1cticamente se elimina los puntos de alfiler, como resultado de nuestra tecnolog\u00eda patentada EcoResin\u2122. Commecial OPTEX cuenta con la tecnolog\u00eda patentada de cambio de color OPTEX, con la que se puede apreciar la masilla cambia de rosa a gris claro-verdoso cuando est\u00e1 listo para lijar\" \/>\n<meta property=\"og:url\" content=\"https:\/\/www.evercoat.com\/es\/product\/commercial-optex-3-gallon-pail-mechanical\/\" \/>\n<meta property=\"og:site_name\" content=\"ITW Evercoat Spanish\" \/>\n<meta property=\"article:modified_time\" content=\"2023-10-25T17:13:54+00:00\" \/>\n<meta property=\"og:image\" content=\"https:\/\/www.evercoat.com\/es\/wp-content\/uploads\/sites\/2\/2022\/08\/Commercial-Optex-3gal-Pail.jpg\" \/>\n\t<meta property=\"og:image:width\" content=\"400\" \/>\n\t<meta property=\"og:image:height\" content=\"323\" \/>\n\t<meta property=\"og:image:type\" content=\"image\/jpeg\" \/>\n<meta name=\"twitter:card\" content=\"summary_large_image\" \/>\n<meta name=\"twitter:label1\" content=\"Est. reading time\" \/>\n\t<meta name=\"twitter:data1\" content=\"1 minute\" \/>\n<script type=\"application\/ld+json\" class=\"yoast-schema-graph\">{\"@context\":\"https:\/\/schema.org\",\"@graph\":[{\"@type\":\"WebPage\",\"@id\":\"https:\/\/www.evercoat.com\/es\/product\/commercial-optex-3-gallon-pail-mechanical\/\",\"url\":\"https:\/\/www.evercoat.com\/es\/product\/commercial-optex-3-gallon-pail-mechanical\/\",\"name\":\"100194 - Commercial OPTEX\u00ae 3 Gallon Pail - Mechanical - ITW Evercoat Spanish\",\"isPartOf\":{\"@id\":\"https:\/\/www.evercoat.com\/es\/#website\"},\"primaryImageOfPage\":{\"@id\":\"https:\/\/www.evercoat.com\/es\/product\/commercial-optex-3-gallon-pail-mechanical\/#primaryimage\"},\"image\":{\"@id\":\"https:\/\/www.evercoat.com\/es\/product\/commercial-optex-3-gallon-pail-mechanical\/#primaryimage\"},\"thumbnailUrl\":\"https:\/\/www.evercoat.com\/es\/wp-content\/uploads\/sites\/2\/2022\/08\/Commercial-Optex-3gal-Pail.jpg\",\"datePublished\":\"2022-08-12T16:54:12+00:00\",\"dateModified\":\"2023-10-25T17:13:54+00:00\",\"breadcrumb\":{\"@id\":\"https:\/\/www.evercoat.com\/es\/product\/commercial-optex-3-gallon-pail-mechanical\/#breadcrumb\"},\"inLanguage\":\"en-US\",\"potentialAction\":[{\"@type\":\"ReadAction\",\"target\":[\"https:\/\/www.evercoat.com\/es\/product\/commercial-optex-3-gallon-pail-mechanical\/\"]}]},{\"@type\":\"ImageObject\",\"inLanguage\":\"en-US\",\"@id\":\"https:\/\/www.evercoat.com\/es\/product\/commercial-optex-3-gallon-pail-mechanical\/#primaryimage\",\"url\":\"https:\/\/www.evercoat.com\/es\/wp-content\/uploads\/sites\/2\/2022\/08\/Commercial-Optex-3gal-Pail.jpg\",\"contentUrl\":\"https:\/\/www.evercoat.com\/es\/wp-content\/uploads\/sites\/2\/2022\/08\/Commercial-Optex-3gal-Pail.jpg\",\"width\":400,\"height\":323},{\"@type\":\"BreadcrumbList\",\"@id\":\"https:\/\/www.evercoat.com\/es\/product\/commercial-optex-3-gallon-pail-mechanical\/#breadcrumb\",\"itemListElement\":[{\"@type\":\"ListItem\",\"position\":1,\"name\":\"Home\",\"item\":\"https:\/\/www.evercoat.com\/es\/\"},{\"@type\":\"ListItem\",\"position\":2,\"name\":\"Taller\",\"item\":\"https:\/\/www.evercoat.com\/es\/shop\/\"},{\"@type\":\"ListItem\",\"position\":3,\"name\":\"100194 &#8211; Commercial OPTEX\u00ae 3 Gallon Pail &#8211; Mechanical\"}]},{\"@type\":\"WebSite\",\"@id\":\"https:\/\/www.evercoat.com\/es\/#website\",\"url\":\"https:\/\/www.evercoat.com\/es\/\",\"name\":\"ITW Evercoat Spanish\",\"description\":\"\",\"potentialAction\":[{\"@type\":\"SearchAction\",\"target\":{\"@type\":\"EntryPoint\",\"urlTemplate\":\"https:\/\/www.evercoat.com\/es\/?s={search_term_string}\"},\"query-input\":{\"@type\":\"PropertyValueSpecification\",\"valueRequired\":true,\"valueName\":\"search_term_string\"}}],\"inLanguage\":\"en-US\"}]}<\/script>\n<!-- \/ Yoast SEO plugin. -->","yoast_head_json":{"title":"100194 - Commercial OPTEX\u00ae 3 Gallon Pail - Mechanical - ITW Evercoat Spanish","robots":{"index":"index","follow":"follow","max-snippet":"max-snippet:-1","max-image-preview":"max-image-preview:large","max-video-preview":"max-video-preview:-1"},"canonical":"https:\/\/www.evercoat.com\/es\/product\/commercial-optex-3-gallon-pail-mechanical\/","og_locale":"en_US","og_type":"article","og_title":"100194 - Commercial OPTEX\u00ae 3 Gallon Pail - Mechanical - ITW Evercoat Spanish","og_description":"Commercial OPTEX\u00ae es una masilla ultra-premium cuenta con tiempo de trabajo prolongado, esto ayuda a los t\u00e9cnicos comerciales, industriales y de colisi\u00f3n a trabajar en \u00e1reas de reparaci\u00f3n m\u00e1s largas. Commercial OPTEX se esparce f\u00e1cil y pr\u00e1cticamente se elimina los puntos de alfiler, como resultado de nuestra tecnolog\u00eda patentada EcoResin\u2122. Commecial OPTEX cuenta con la tecnolog\u00eda patentada de cambio de color OPTEX, con la que se puede apreciar la masilla cambia de rosa a gris claro-verdoso cuando est\u00e1 listo para lijar","og_url":"https:\/\/www.evercoat.com\/es\/product\/commercial-optex-3-gallon-pail-mechanical\/","og_site_name":"ITW Evercoat Spanish","article_modified_time":"2023-10-25T17:13:54+00:00","og_image":[{"width":400,"height":323,"url":"https:\/\/www.evercoat.com\/es\/wp-content\/uploads\/sites\/2\/2022\/08\/Commercial-Optex-3gal-Pail.jpg","type":"image\/jpeg"}],"twitter_card":"summary_large_image","twitter_misc":{"Est. reading time":"1 minute"},"schema":{"@context":"https:\/\/schema.org","@graph":[{"@type":"WebPage","@id":"https:\/\/www.evercoat.com\/es\/product\/commercial-optex-3-gallon-pail-mechanical\/","url":"https:\/\/www.evercoat.com\/es\/product\/commercial-optex-3-gallon-pail-mechanical\/","name":"100194 - Commercial OPTEX\u00ae 3 Gallon Pail - Mechanical - ITW Evercoat Spanish","isPartOf":{"@id":"https:\/\/www.evercoat.com\/es\/#website"},"primaryImageOfPage":{"@id":"https:\/\/www.evercoat.com\/es\/product\/commercial-optex-3-gallon-pail-mechanical\/#primaryimage"},"image":{"@id":"https:\/\/www.evercoat.com\/es\/product\/commercial-optex-3-gallon-pail-mechanical\/#primaryimage"},"thumbnailUrl":"https:\/\/www.evercoat.com\/es\/wp-content\/uploads\/sites\/2\/2022\/08\/Commercial-Optex-3gal-Pail.jpg","datePublished":"2022-08-12T16:54:12+00:00","dateModified":"2023-10-25T17:13:54+00:00","breadcrumb":{"@id":"https:\/\/www.evercoat.com\/es\/product\/commercial-optex-3-gallon-pail-mechanical\/#breadcrumb"},"inLanguage":"en-US","potentialAction":[{"@type":"ReadAction","target":["https:\/\/www.evercoat.com\/es\/product\/commercial-optex-3-gallon-pail-mechanical\/"]}]},{"@type":"ImageObject","inLanguage":"en-US","@id":"https:\/\/www.evercoat.com\/es\/product\/commercial-optex-3-gallon-pail-mechanical\/#primaryimage","url":"https:\/\/www.evercoat.com\/es\/wp-content\/uploads\/sites\/2\/2022\/08\/Commercial-Optex-3gal-Pail.jpg","contentUrl":"https:\/\/www.evercoat.com\/es\/wp-content\/uploads\/sites\/2\/2022\/08\/Commercial-Optex-3gal-Pail.jpg","width":400,"height":323},{"@type":"BreadcrumbList","@id":"https:\/\/www.evercoat.com\/es\/product\/commercial-optex-3-gallon-pail-mechanical\/#breadcrumb","itemListElement":[{"@type":"ListItem","position":1,"name":"Home","item":"https:\/\/www.evercoat.com\/es\/"},{"@type":"ListItem","position":2,"name":"Taller","item":"https:\/\/www.evercoat.com\/es\/shop\/"},{"@type":"ListItem","position":3,"name":"100194 &#8211; Commercial OPTEX\u00ae 3 Gallon Pail &#8211; Mechanical"}]},{"@type":"WebSite","@id":"https:\/\/www.evercoat.com\/es\/#website","url":"https:\/\/www.evercoat.com\/es\/","name":"ITW Evercoat Spanish","description":"","potentialAction":[{"@type":"SearchAction","target":{"@type":"EntryPoint","urlTemplate":"https:\/\/www.evercoat.com\/es\/?s={search_term_string}"},"query-input":{"@type":"PropertyValueSpecification","valueRequired":true,"valueName":"search_term_string"}}],"inLanguage":"en-US"}]}},"_links":{"self":[{"href":"https:\/\/www.evercoat.com\/es\/wp-json\/wp\/v2\/product\/446","targetHints":{"allow":["GET"]}}],"collection":[{"href":"https:\/\/www.evercoat.com\/es\/wp-json\/wp\/v2\/product"}],"about":[{"href":"https:\/\/www.evercoat.com\/es\/wp-json\/wp\/v2\/types\/product"}],"replies":[{"embeddable":true,"href":"https:\/\/www.evercoat.com\/es\/wp-json\/wp\/v2\/comments?post=446"}],"wp:featuredmedia":[{"embeddable":true,"href":"https:\/\/www.evercoat.com\/es\/wp-json\/wp\/v2\/media\/436"}],"wp:attachment":[{"href":"https:\/\/www.evercoat.com\/es\/wp-json\/wp\/v2\/media?parent=446"}],"wp:term":[{"taxonomy":"product_brand","embeddable":true,"href":"https:\/\/www.evercoat.com\/es\/wp-json\/wp\/v2\/product_brand?post=446"},{"taxonomy":"product_cat","embeddable":true,"href":"https:\/\/www.evercoat.com\/es\/wp-json\/wp\/v2\/product_cat?post=446"},{"taxonomy":"product_tag","embeddable":true,"href":"https:\/\/www.evercoat.com\/es\/wp-json\/wp\/v2\/product_tag?post=446"}],"curies":[{"name":"wp","href":"https:\/\/api.w.org\/{rel}","templated":true}]}}