{"id":431,"date":"2022-08-12T16:44:05","date_gmt":"2022-08-12T16:44:05","guid":{"rendered":"https:\/\/evercoat.fmtemp.com\/?post_type=product&#038;p=431"},"modified":"2023-10-25T17:09:44","modified_gmt":"2023-10-25T17:09:44","slug":"rage-ultra-xtra","status":"publish","type":"product","link":"https:\/\/www.evercoat.com\/es\/product\/rage-ultra-xtra\/","title":{"rendered":"100147 &#8211; Rage\u00ae Ultra Xtra\u2122"},"content":{"rendered":"<table class=\"table table-condensed\" width=\"100%\">\n<tbody>\n<tr class=\"subProductDetailsHeader hidden-sm hidden-xs\">\n<th width=\"25%\">Part Number<\/th>\n<th width=\"25%\">Size<\/th>\n<th width=\"25%\">Units\/Case<\/th>\n<th width=\"25%\">Wt\/Case<\/th>\n<\/tr>\n<tr class=\"info\">\n<th colspan=\"4\">Rage\u00ae Ultra XTRA\u2122, Gallon<\/th>\n<\/tr>\n<tr class=\"subProductDetails hidden-sm hidden-xs\">\n<td>100144<\/td>\n<td>1 GA<\/td>\n<td>4<\/td>\n<td><\/td>\n<\/tr>\n<tr class=\"info\">\n<th colspan=\"4\">Rage\u00ae Ultra Xtra\u2122<\/th>\n<\/tr>\n<tr class=\"subProductDetails hidden-sm hidden-xs\">\n<td>100147<\/td>\n<td>24 OZ<\/td>\n<td>6<\/td>\n<\/tr>\n<\/tbody>\n<\/table>\n","protected":false},"excerpt":{"rendered":"<p>Rage Ultra Xtra est\u00e1 especialmente formulado para permitir tiempos de trabajo prolongados, hasta 40 minutos. Los fabricantes y t\u00e9cnicos de taller de carrocer\u00eda pueden mezclar y distribuir grandes cantidades conociendo que tienen tiempo suficiente para trabajar grandes superficies, ahorrando tiempo y aumentando la productividad. Y debido a que Rage Ultra Xtra se fabrica con la tecnolog\u00eda ECORESIN exclusiva de Evercoat, tiene las propiedades de lijado l\u00edderes en\u2122 la industria de Rage\u00ae Ultra, incluido el lijado r\u00e1pido y f\u00e1cil con lija de grano 80. Rage Ultra Xtra tambi\u00e9n se puede mezclar con el rellenador de carrocer\u00eda Rage Ultra para obtener la m\u00e1xima flexibilidad en el tiempo de trabajo en casi cualquier temperatura, manteniendo la relaci\u00f3n de mezcla adecuada.<\/p>\n","protected":false},"featured_media":27684,"comment_status":"closed","ping_status":"closed","template":"","meta":{"_acf_changed":false,"_et_pb_use_builder":"","_et_pb_old_content":"","_et_gb_content_width":"","content-type":""},"product_brand":[],"product_cat":[25,29,31,24,32,23,22,30],"product_tag":[],"class_list":{"0":"post-431","1":"product","2":"type-product","3":"status-publish","4":"has-post-thumbnail","6":"product_cat-automotive","7":"product_cat-commercial","8":"product_cat-extended-work-time","9":"product_cat-premium","10":"product_cat-specialty-products","11":"product_cat-rage","12":"product_cat-body-filler","13":"product_cat-commercial-repair","15":"first","16":"instock","17":"virtual","18":"product-type-simple"},"acf":[],"yoast_head":"<!-- This site is optimized with the Yoast SEO plugin v27.1.1 - https:\/\/yoast.com\/product\/yoast-seo-wordpress\/ -->\n<title>100147 - Rage\u00ae Ultra Xtra\u2122 - ITW Evercoat Spanish<\/title>\n<meta name=\"robots\" content=\"index, follow, max-snippet:-1, max-image-preview:large, max-video-preview:-1\" \/>\n<link rel=\"canonical\" href=\"https:\/\/www.evercoat.com\/es\/product\/rage-ultra-xtra\/\" \/>\n<meta property=\"og:locale\" content=\"en_US\" \/>\n<meta property=\"og:type\" content=\"article\" \/>\n<meta property=\"og:title\" content=\"100147 - Rage\u00ae Ultra Xtra\u2122 - ITW Evercoat Spanish\" \/>\n<meta property=\"og:description\" content=\"Rage Ultra Xtra est\u00e1 especialmente formulado para permitir tiempos de trabajo prolongados, hasta 40 minutos. Los fabricantes y t\u00e9cnicos de taller de carrocer\u00eda pueden mezclar y distribuir grandes cantidades conociendo que tienen tiempo suficiente para trabajar grandes superficies, ahorrando tiempo y aumentando la productividad. Y debido a que Rage Ultra Xtra se fabrica con la tecnolog\u00eda ECORESIN exclusiva de Evercoat, tiene las propiedades de lijado l\u00edderes en\u2122 la industria de Rage\u00ae Ultra, incluido el lijado r\u00e1pido y f\u00e1cil con lija de grano 80. Rage Ultra Xtra tambi\u00e9n se puede mezclar con el rellenador de carrocer\u00eda Rage Ultra para obtener la m\u00e1xima flexibilidad en el tiempo de trabajo en casi cualquier temperatura, manteniendo la relaci\u00f3n de mezcla adecuada.\" \/>\n<meta property=\"og:url\" content=\"https:\/\/www.evercoat.com\/es\/product\/rage-ultra-xtra\/\" \/>\n<meta property=\"og:site_name\" content=\"ITW Evercoat Spanish\" \/>\n<meta property=\"article:modified_time\" content=\"2023-10-25T17:09:44+00:00\" \/>\n<meta name=\"twitter:card\" content=\"summary_large_image\" \/>\n<meta name=\"twitter:label1\" content=\"Est. reading time\" \/>\n\t<meta name=\"twitter:data1\" content=\"1 minute\" \/>\n<script type=\"application\/ld+json\" class=\"yoast-schema-graph\">{\"@context\":\"https:\/\/schema.org\",\"@graph\":[{\"@type\":\"WebPage\",\"@id\":\"https:\/\/www.evercoat.com\/es\/product\/rage-ultra-xtra\/\",\"url\":\"https:\/\/www.evercoat.com\/es\/product\/rage-ultra-xtra\/\",\"name\":\"100147 - Rage\u00ae Ultra Xtra\u2122 - ITW Evercoat Spanish\",\"isPartOf\":{\"@id\":\"https:\/\/www.evercoat.com\/es\/#website\"},\"primaryImageOfPage\":{\"@id\":\"https:\/\/www.evercoat.com\/es\/product\/rage-ultra-xtra\/#primaryimage\"},\"image\":{\"@id\":\"https:\/\/www.evercoat.com\/es\/product\/rage-ultra-xtra\/#primaryimage\"},\"thumbnailUrl\":\"https:\/\/www.evercoat.com\/es\/wp-content\/uploads\/sites\/2\/2022\/08\/TDS_100738_FINISH-SAND-4to1-PRIMER-10.2022-1-1-pdf.jpg\",\"datePublished\":\"2022-08-12T16:44:05+00:00\",\"dateModified\":\"2023-10-25T17:09:44+00:00\",\"breadcrumb\":{\"@id\":\"https:\/\/www.evercoat.com\/es\/product\/rage-ultra-xtra\/#breadcrumb\"},\"inLanguage\":\"en-US\",\"potentialAction\":[{\"@type\":\"ReadAction\",\"target\":[\"https:\/\/www.evercoat.com\/es\/product\/rage-ultra-xtra\/\"]}]},{\"@type\":\"ImageObject\",\"inLanguage\":\"en-US\",\"@id\":\"https:\/\/www.evercoat.com\/es\/product\/rage-ultra-xtra\/#primaryimage\",\"url\":\"https:\/\/www.evercoat.com\/es\/wp-content\/uploads\/sites\/2\/2022\/08\/TDS_100738_FINISH-SAND-4to1-PRIMER-10.2022-1-1-pdf.jpg\",\"contentUrl\":\"https:\/\/www.evercoat.com\/es\/wp-content\/uploads\/sites\/2\/2022\/08\/TDS_100738_FINISH-SAND-4to1-PRIMER-10.2022-1-1-pdf.jpg\"},{\"@type\":\"BreadcrumbList\",\"@id\":\"https:\/\/www.evercoat.com\/es\/product\/rage-ultra-xtra\/#breadcrumb\",\"itemListElement\":[{\"@type\":\"ListItem\",\"position\":1,\"name\":\"Home\",\"item\":\"https:\/\/www.evercoat.com\/es\/\"},{\"@type\":\"ListItem\",\"position\":2,\"name\":\"Taller\",\"item\":\"https:\/\/www.evercoat.com\/es\/shop\/\"},{\"@type\":\"ListItem\",\"position\":3,\"name\":\"100147 &#8211; Rage\u00ae Ultra Xtra\u2122\"}]},{\"@type\":\"WebSite\",\"@id\":\"https:\/\/www.evercoat.com\/es\/#website\",\"url\":\"https:\/\/www.evercoat.com\/es\/\",\"name\":\"ITW Evercoat Spanish\",\"description\":\"\",\"potentialAction\":[{\"@type\":\"SearchAction\",\"target\":{\"@type\":\"EntryPoint\",\"urlTemplate\":\"https:\/\/www.evercoat.com\/es\/?s={search_term_string}\"},\"query-input\":{\"@type\":\"PropertyValueSpecification\",\"valueRequired\":true,\"valueName\":\"search_term_string\"}}],\"inLanguage\":\"en-US\"}]}<\/script>\n<!-- \/ Yoast SEO plugin. -->","yoast_head_json":{"title":"100147 - Rage\u00ae Ultra Xtra\u2122 - ITW Evercoat Spanish","robots":{"index":"index","follow":"follow","max-snippet":"max-snippet:-1","max-image-preview":"max-image-preview:large","max-video-preview":"max-video-preview:-1"},"canonical":"https:\/\/www.evercoat.com\/es\/product\/rage-ultra-xtra\/","og_locale":"en_US","og_type":"article","og_title":"100147 - Rage\u00ae Ultra Xtra\u2122 - ITW Evercoat Spanish","og_description":"Rage Ultra Xtra est\u00e1 especialmente formulado para permitir tiempos de trabajo prolongados, hasta 40 minutos. Los fabricantes y t\u00e9cnicos de taller de carrocer\u00eda pueden mezclar y distribuir grandes cantidades conociendo que tienen tiempo suficiente para trabajar grandes superficies, ahorrando tiempo y aumentando la productividad. Y debido a que Rage Ultra Xtra se fabrica con la tecnolog\u00eda ECORESIN exclusiva de Evercoat, tiene las propiedades de lijado l\u00edderes en\u2122 la industria de Rage\u00ae Ultra, incluido el lijado r\u00e1pido y f\u00e1cil con lija de grano 80. Rage Ultra Xtra tambi\u00e9n se puede mezclar con el rellenador de carrocer\u00eda Rage Ultra para obtener la m\u00e1xima flexibilidad en el tiempo de trabajo en casi cualquier temperatura, manteniendo la relaci\u00f3n de mezcla adecuada.","og_url":"https:\/\/www.evercoat.com\/es\/product\/rage-ultra-xtra\/","og_site_name":"ITW Evercoat Spanish","article_modified_time":"2023-10-25T17:09:44+00:00","twitter_card":"summary_large_image","twitter_misc":{"Est. reading time":"1 minute"},"schema":{"@context":"https:\/\/schema.org","@graph":[{"@type":"WebPage","@id":"https:\/\/www.evercoat.com\/es\/product\/rage-ultra-xtra\/","url":"https:\/\/www.evercoat.com\/es\/product\/rage-ultra-xtra\/","name":"100147 - Rage\u00ae Ultra Xtra\u2122 - ITW Evercoat Spanish","isPartOf":{"@id":"https:\/\/www.evercoat.com\/es\/#website"},"primaryImageOfPage":{"@id":"https:\/\/www.evercoat.com\/es\/product\/rage-ultra-xtra\/#primaryimage"},"image":{"@id":"https:\/\/www.evercoat.com\/es\/product\/rage-ultra-xtra\/#primaryimage"},"thumbnailUrl":"https:\/\/www.evercoat.com\/es\/wp-content\/uploads\/sites\/2\/2022\/08\/TDS_100738_FINISH-SAND-4to1-PRIMER-10.2022-1-1-pdf.jpg","datePublished":"2022-08-12T16:44:05+00:00","dateModified":"2023-10-25T17:09:44+00:00","breadcrumb":{"@id":"https:\/\/www.evercoat.com\/es\/product\/rage-ultra-xtra\/#breadcrumb"},"inLanguage":"en-US","potentialAction":[{"@type":"ReadAction","target":["https:\/\/www.evercoat.com\/es\/product\/rage-ultra-xtra\/"]}]},{"@type":"ImageObject","inLanguage":"en-US","@id":"https:\/\/www.evercoat.com\/es\/product\/rage-ultra-xtra\/#primaryimage","url":"https:\/\/www.evercoat.com\/es\/wp-content\/uploads\/sites\/2\/2022\/08\/TDS_100738_FINISH-SAND-4to1-PRIMER-10.2022-1-1-pdf.jpg","contentUrl":"https:\/\/www.evercoat.com\/es\/wp-content\/uploads\/sites\/2\/2022\/08\/TDS_100738_FINISH-SAND-4to1-PRIMER-10.2022-1-1-pdf.jpg"},{"@type":"BreadcrumbList","@id":"https:\/\/www.evercoat.com\/es\/product\/rage-ultra-xtra\/#breadcrumb","itemListElement":[{"@type":"ListItem","position":1,"name":"Home","item":"https:\/\/www.evercoat.com\/es\/"},{"@type":"ListItem","position":2,"name":"Taller","item":"https:\/\/www.evercoat.com\/es\/shop\/"},{"@type":"ListItem","position":3,"name":"100147 &#8211; Rage\u00ae Ultra Xtra\u2122"}]},{"@type":"WebSite","@id":"https:\/\/www.evercoat.com\/es\/#website","url":"https:\/\/www.evercoat.com\/es\/","name":"ITW Evercoat Spanish","description":"","potentialAction":[{"@type":"SearchAction","target":{"@type":"EntryPoint","urlTemplate":"https:\/\/www.evercoat.com\/es\/?s={search_term_string}"},"query-input":{"@type":"PropertyValueSpecification","valueRequired":true,"valueName":"search_term_string"}}],"inLanguage":"en-US"}]}},"_links":{"self":[{"href":"https:\/\/www.evercoat.com\/es\/wp-json\/wp\/v2\/product\/431","targetHints":{"allow":["GET"]}}],"collection":[{"href":"https:\/\/www.evercoat.com\/es\/wp-json\/wp\/v2\/product"}],"about":[{"href":"https:\/\/www.evercoat.com\/es\/wp-json\/wp\/v2\/types\/product"}],"replies":[{"embeddable":true,"href":"https:\/\/www.evercoat.com\/es\/wp-json\/wp\/v2\/comments?post=431"}],"wp:featuredmedia":[{"embeddable":true,"href":"https:\/\/www.evercoat.com\/es\/wp-json\/wp\/v2\/media\/27684"}],"wp:attachment":[{"href":"https:\/\/www.evercoat.com\/es\/wp-json\/wp\/v2\/media?parent=431"}],"wp:term":[{"taxonomy":"product_brand","embeddable":true,"href":"https:\/\/www.evercoat.com\/es\/wp-json\/wp\/v2\/product_brand?post=431"},{"taxonomy":"product_cat","embeddable":true,"href":"https:\/\/www.evercoat.com\/es\/wp-json\/wp\/v2\/product_cat?post=431"},{"taxonomy":"product_tag","embeddable":true,"href":"https:\/\/www.evercoat.com\/es\/wp-json\/wp\/v2\/product_tag?post=431"}],"curies":[{"name":"wp","href":"https:\/\/api.w.org\/{rel}","templated":true}]}}