{"id":419,"date":"2022-08-12T16:35:02","date_gmt":"2022-08-12T16:35:02","guid":{"rendered":"https:\/\/evercoat.fmtemp.com\/?post_type=product&#038;p=419"},"modified":"2025-10-02T15:08:08","modified_gmt":"2025-10-02T15:08:08","slug":"rage-optex-gallon","status":"publish","type":"product","link":"https:\/\/www.evercoat.com\/es\/product\/rage-optex-gallon\/","title":{"rendered":"100135 &#8211; Rage\u00ae OPTEX\u00ae, Gallon"},"content":{"rendered":"<p>[et_pb_section fb_built=&#8221;1&#8243; _builder_version=&#8221;4.16&#8243; custom_padding=&#8221;0px||||false|false&#8221; global_colors_info=&#8221;{}&#8221;][et_pb_row _builder_version=&#8221;4.16&#8243; background_size=&#8221;initial&#8221; background_position=&#8221;top_left&#8221; background_repeat=&#8221;repeat&#8221; width=&#8221;100%&#8221; custom_padding=&#8221;0px||0px||false|false&#8221; global_colors_info=&#8221;{}&#8221;][et_pb_column type=&#8221;4_4&#8243; _builder_version=&#8221;4.16&#8243; custom_padding=&#8221;|||&#8221; global_colors_info=&#8221;{}&#8221; custom_padding__hover=&#8221;|||&#8221;][et_pb_wc_breadcrumb _builder_version=&#8221;4.16&#8243; global_colors_info=&#8221;{}&#8221;][\/et_pb_wc_breadcrumb][et_pb_wc_cart_notice _builder_version=&#8221;4.16&#8243; global_colors_info=&#8221;{}&#8221;][\/et_pb_wc_cart_notice][\/et_pb_column][\/et_pb_row][et_pb_row column_structure=&#8221;1_2,1_2&#8243; _builder_version=&#8221;4.16&#8243; background_size=&#8221;initial&#8221; background_position=&#8221;top_left&#8221; background_repeat=&#8221;repeat&#8221; width=&#8221;100%&#8221; custom_padding=&#8221;0px||||false|false&#8221; global_colors_info=&#8221;{}&#8221;][et_pb_column type=&#8221;1_2&#8243; _builder_version=&#8221;4.16&#8243; custom_padding=&#8221;|||&#8221; global_colors_info=&#8221;{}&#8221; custom_padding__hover=&#8221;|||&#8221;][et_pb_wc_images _builder_version=&#8221;4.16&#8243; global_colors_info=&#8221;{}&#8221;][\/et_pb_wc_images][\/et_pb_column][et_pb_column type=&#8221;1_2&#8243; _builder_version=&#8221;4.16&#8243; custom_padding=&#8221;|||&#8221; global_colors_info=&#8221;{}&#8221; custom_padding__hover=&#8221;|||&#8221;][et_pb_wc_title _builder_version=&#8221;4.16&#8243; global_colors_info=&#8221;{}&#8221;][\/et_pb_wc_title][et_pb_wc_rating _builder_version=&#8221;4.16&#8243; global_colors_info=&#8221;{}&#8221;][\/et_pb_wc_rating][et_pb_wc_price _builder_version=&#8221;4.16&#8243; global_colors_info=&#8221;{}&#8221;][\/et_pb_wc_price][et_pb_wc_description _builder_version=&#8221;4.16&#8243; global_colors_info=&#8221;{}&#8221;][\/et_pb_wc_description][et_pb_wc_add_to_cart _builder_version=&#8221;4.16&#8243; global_colors_info=&#8221;{}&#8221;][\/et_pb_wc_add_to_cart][et_pb_wc_meta _builder_version=&#8221;4.16&#8243; global_colors_info=&#8221;{}&#8221;][\/et_pb_wc_meta][\/et_pb_column][\/et_pb_row][et_pb_row _builder_version=&#8221;4.16&#8243; background_size=&#8221;initial&#8221; background_position=&#8221;top_left&#8221; background_repeat=&#8221;repeat&#8221; width=&#8221;100%&#8221; global_colors_info=&#8221;{}&#8221;][et_pb_column type=&#8221;4_4&#8243; _builder_version=&#8221;4.16&#8243; custom_padding=&#8221;|||&#8221; global_colors_info=&#8221;{}&#8221; custom_padding__hover=&#8221;|||&#8221;][et_pb_wc_tabs _builder_version=&#8221;4.16&#8243; global_colors_info=&#8221;{}&#8221;]\t\t\t\t\t[\/et_pb_wc_tabs][et_pb_wc_upsells _builder_version=&#8221;4.16&#8243; global_colors_info=&#8221;{}&#8221;][\/et_pb_wc_upsells][et_pb_wc_related_products _builder_version=&#8221;4.16&#8243; global_colors_info=&#8221;{}&#8221;][\/et_pb_wc_related_products][\/et_pb_column][\/et_pb_row][et_pb_row _builder_version=&#8221;4.17.4&#8243; _module_preset=&#8221;default&#8221; global_colors_info=&#8221;{}&#8221;][et_pb_column type=&#8221;4_4&#8243; _builder_version=&#8221;4.17.4&#8243; _module_preset=&#8221;default&#8221; global_colors_info=&#8221;{}&#8221;][et_pb_video src=&#8221;https:\/\/www.youtube.com\/watch?v=5uYCEzIuBOc&#8221; _builder_version=&#8221;4.17.4&#8243; _module_preset=&#8221;default&#8221; width=&#8221;100vw&#8221; width_tablet=&#8221;100vw&#8221; width_phone=&#8221;100vw&#8221; width_last_edited=&#8221;on|desktop&#8221; max_width=&#8221;100%&#8221; module_alignment=&#8221;center&#8221; height=&#8221;100vh&#8221; height_tablet=&#8221;100vh&#8221; height_phone=&#8221;100vh&#8221; height_last_edited=&#8221;on|desktop&#8221; global_colors_info=&#8221;{}&#8221;][\/et_pb_video][\/et_pb_column][\/et_pb_row][\/et_pb_section]<\/p>\n","protected":false},"excerpt":{"rendered":"<p>Rage OPTEX\u00ae Con Tecnolog\u00eda de cambio de color, es una masilla Ultra-premium que contribuye con los centros de reparaci\u00f3n de colisi\u00f3n ahorrando tiempo y dinero en cada reparaci\u00f3n. No hay duda; que una vez mezclado con el endurecedor en crema, Rage OPTEX cambia de rosa a verde indicando que la reparaci\u00f3n est\u00e1 lista para lijar. Formulado con Tecnolog\u00eda patentada Evercoat EcoResin\u2122, Rage OPTEX ofrece adhesi\u00f3n superior a una amplia gama de sustratos y con propiedades de lijado incomparables. Rage OPTEX parte del sistema Metalworks\u00ae que garantiza la reparaci\u00f3n mantendr\u00e1 el O.E.M. garant\u00eda anticorrosi\u00f3n o protecci\u00f3n de f\u00e1brica contra la corrosi\u00f3n en metal y acero galvanizado, cuando es usado de acuerdo con las instrucciones de aplicaci\u00f3n.<\/p>\n","protected":false},"featured_media":420,"comment_status":"closed","ping_status":"closed","template":"","meta":{"_acf_changed":false,"_et_pb_use_builder":"on","_et_pb_old_content":"<table class=\"table\" width=\"100%\">\r\n<tbody>\r\n<tr class=\"subProductDetailsHeader hidden-sm hidden-xs\">\r\n<th width=\"25%\">Part Number<\/th>\r\n<th width=\"25%\">Size<\/th>\r\n<th width=\"25%\">Units\/Case<\/th>\r\n<th width=\"25%\">Wt\/Case<\/th>\r\n<\/tr>\r\n<tr class=\"subProductDetails hidden-sm hidden-xs\">\r\n<td>100135<\/td>\r\n<td><\/td>\r\n<td>4<\/td>\r\n<td>18.200\/KG<\/td>\r\n<\/tr>\r\n<\/tbody>\r\n<\/table>\r\n&nbsp;","_et_gb_content_width":"","content-type":""},"product_brand":[],"product_cat":[25,27,26,28,24,23,22],"product_tag":[],"class_list":{"0":"post-419","1":"product","2":"type-product","3":"status-publish","4":"has-post-thumbnail","6":"product_cat-automotive","7":"product_cat-color-change","8":"product_cat-best-of-category","9":"product_cat-optex","10":"product_cat-premium","11":"product_cat-rage","12":"product_cat-body-filler","14":"first","15":"instock","16":"featured","17":"virtual","18":"product-type-simple"},"acf":[],"yoast_head":"<!-- This site is optimized with the Yoast SEO plugin v27.1.1 - https:\/\/yoast.com\/product\/yoast-seo-wordpress\/ -->\n<title>100135 - Rage\u00ae OPTEX\u00ae, Gallon - ITW Evercoat Spanish<\/title>\n<meta name=\"robots\" content=\"index, follow, max-snippet:-1, max-image-preview:large, max-video-preview:-1\" \/>\n<link rel=\"canonical\" href=\"https:\/\/www.evercoat.com\/es\/product\/rage-optex-gallon\/\" \/>\n<meta property=\"og:locale\" content=\"en_US\" \/>\n<meta property=\"og:type\" content=\"article\" \/>\n<meta property=\"og:title\" content=\"100135 - Rage\u00ae OPTEX\u00ae, Gallon - ITW Evercoat Spanish\" \/>\n<meta property=\"og:description\" content=\"Rage OPTEX\u00ae Con Tecnolog\u00eda de cambio de color, es una masilla Ultra-premium que contribuye con los centros de reparaci\u00f3n de colisi\u00f3n ahorrando tiempo y dinero en cada reparaci\u00f3n. No hay duda; que una vez mezclado con el endurecedor en crema, Rage OPTEX cambia de rosa a verde indicando que la reparaci\u00f3n est\u00e1 lista para lijar. Formulado con Tecnolog\u00eda patentada Evercoat EcoResin\u2122, Rage OPTEX ofrece adhesi\u00f3n superior a una amplia gama de sustratos y con propiedades de lijado incomparables. Rage OPTEX parte del sistema Metalworks\u00ae que garantiza la reparaci\u00f3n mantendr\u00e1 el O.E.M. garant\u00eda anticorrosi\u00f3n o protecci\u00f3n de f\u00e1brica contra la corrosi\u00f3n en metal y acero galvanizado, cuando es usado de acuerdo con las instrucciones de aplicaci\u00f3n.\" \/>\n<meta property=\"og:url\" content=\"https:\/\/www.evercoat.com\/es\/product\/rage-optex-gallon\/\" \/>\n<meta property=\"og:site_name\" content=\"ITW Evercoat Spanish\" \/>\n<meta property=\"article:modified_time\" content=\"2025-10-02T15:08:08+00:00\" \/>\n<meta property=\"og:image\" content=\"https:\/\/www.evercoat.com\/es\/wp-content\/uploads\/sites\/2\/2022\/08\/RageOptex_Gallon.jpg\" \/>\n\t<meta property=\"og:image:width\" content=\"400\" \/>\n\t<meta property=\"og:image:height\" content=\"546\" \/>\n\t<meta property=\"og:image:type\" content=\"image\/jpeg\" \/>\n<meta name=\"twitter:card\" content=\"summary_large_image\" \/>\n<meta name=\"twitter:label1\" content=\"Est. reading time\" \/>\n\t<meta name=\"twitter:data1\" content=\"1 minute\" \/>\n<script type=\"application\/ld+json\" class=\"yoast-schema-graph\">{\"@context\":\"https:\/\/schema.org\",\"@graph\":[{\"@type\":\"WebPage\",\"@id\":\"https:\/\/www.evercoat.com\/es\/product\/rage-optex-gallon\/\",\"url\":\"https:\/\/www.evercoat.com\/es\/product\/rage-optex-gallon\/\",\"name\":\"100135 - Rage\u00ae OPTEX\u00ae, Gallon - ITW Evercoat Spanish\",\"isPartOf\":{\"@id\":\"https:\/\/www.evercoat.com\/es\/#website\"},\"primaryImageOfPage\":{\"@id\":\"https:\/\/www.evercoat.com\/es\/product\/rage-optex-gallon\/#primaryimage\"},\"image\":{\"@id\":\"https:\/\/www.evercoat.com\/es\/product\/rage-optex-gallon\/#primaryimage\"},\"thumbnailUrl\":\"https:\/\/www.evercoat.com\/es\/wp-content\/uploads\/sites\/2\/2022\/08\/RageOptex_Gallon.jpg\",\"datePublished\":\"2022-08-12T16:35:02+00:00\",\"dateModified\":\"2025-10-02T15:08:08+00:00\",\"breadcrumb\":{\"@id\":\"https:\/\/www.evercoat.com\/es\/product\/rage-optex-gallon\/#breadcrumb\"},\"inLanguage\":\"en-US\",\"potentialAction\":[{\"@type\":\"ReadAction\",\"target\":[\"https:\/\/www.evercoat.com\/es\/product\/rage-optex-gallon\/\"]}]},{\"@type\":\"ImageObject\",\"inLanguage\":\"en-US\",\"@id\":\"https:\/\/www.evercoat.com\/es\/product\/rage-optex-gallon\/#primaryimage\",\"url\":\"https:\/\/www.evercoat.com\/es\/wp-content\/uploads\/sites\/2\/2022\/08\/RageOptex_Gallon.jpg\",\"contentUrl\":\"https:\/\/www.evercoat.com\/es\/wp-content\/uploads\/sites\/2\/2022\/08\/RageOptex_Gallon.jpg\",\"width\":400,\"height\":546},{\"@type\":\"BreadcrumbList\",\"@id\":\"https:\/\/www.evercoat.com\/es\/product\/rage-optex-gallon\/#breadcrumb\",\"itemListElement\":[{\"@type\":\"ListItem\",\"position\":1,\"name\":\"Home\",\"item\":\"https:\/\/www.evercoat.com\/es\/\"},{\"@type\":\"ListItem\",\"position\":2,\"name\":\"Taller\",\"item\":\"https:\/\/www.evercoat.com\/es\/shop\/\"},{\"@type\":\"ListItem\",\"position\":3,\"name\":\"100135 &#8211; Rage\u00ae OPTEX\u00ae, Gallon\"}]},{\"@type\":\"WebSite\",\"@id\":\"https:\/\/www.evercoat.com\/es\/#website\",\"url\":\"https:\/\/www.evercoat.com\/es\/\",\"name\":\"ITW Evercoat Spanish\",\"description\":\"\",\"potentialAction\":[{\"@type\":\"SearchAction\",\"target\":{\"@type\":\"EntryPoint\",\"urlTemplate\":\"https:\/\/www.evercoat.com\/es\/?s={search_term_string}\"},\"query-input\":{\"@type\":\"PropertyValueSpecification\",\"valueRequired\":true,\"valueName\":\"search_term_string\"}}],\"inLanguage\":\"en-US\"}]}<\/script>\n<!-- \/ Yoast SEO plugin. -->","yoast_head_json":{"title":"100135 - Rage\u00ae OPTEX\u00ae, Gallon - ITW Evercoat Spanish","robots":{"index":"index","follow":"follow","max-snippet":"max-snippet:-1","max-image-preview":"max-image-preview:large","max-video-preview":"max-video-preview:-1"},"canonical":"https:\/\/www.evercoat.com\/es\/product\/rage-optex-gallon\/","og_locale":"en_US","og_type":"article","og_title":"100135 - Rage\u00ae OPTEX\u00ae, Gallon - ITW Evercoat Spanish","og_description":"Rage OPTEX\u00ae Con Tecnolog\u00eda de cambio de color, es una masilla Ultra-premium que contribuye con los centros de reparaci\u00f3n de colisi\u00f3n ahorrando tiempo y dinero en cada reparaci\u00f3n. No hay duda; que una vez mezclado con el endurecedor en crema, Rage OPTEX cambia de rosa a verde indicando que la reparaci\u00f3n est\u00e1 lista para lijar. Formulado con Tecnolog\u00eda patentada Evercoat EcoResin\u2122, Rage OPTEX ofrece adhesi\u00f3n superior a una amplia gama de sustratos y con propiedades de lijado incomparables. Rage OPTEX parte del sistema Metalworks\u00ae que garantiza la reparaci\u00f3n mantendr\u00e1 el O.E.M. garant\u00eda anticorrosi\u00f3n o protecci\u00f3n de f\u00e1brica contra la corrosi\u00f3n en metal y acero galvanizado, cuando es usado de acuerdo con las instrucciones de aplicaci\u00f3n.","og_url":"https:\/\/www.evercoat.com\/es\/product\/rage-optex-gallon\/","og_site_name":"ITW Evercoat Spanish","article_modified_time":"2025-10-02T15:08:08+00:00","og_image":[{"width":400,"height":546,"url":"https:\/\/www.evercoat.com\/es\/wp-content\/uploads\/sites\/2\/2022\/08\/RageOptex_Gallon.jpg","type":"image\/jpeg"}],"twitter_card":"summary_large_image","twitter_misc":{"Est. reading time":"1 minute"},"schema":{"@context":"https:\/\/schema.org","@graph":[{"@type":"WebPage","@id":"https:\/\/www.evercoat.com\/es\/product\/rage-optex-gallon\/","url":"https:\/\/www.evercoat.com\/es\/product\/rage-optex-gallon\/","name":"100135 - Rage\u00ae OPTEX\u00ae, Gallon - ITW Evercoat Spanish","isPartOf":{"@id":"https:\/\/www.evercoat.com\/es\/#website"},"primaryImageOfPage":{"@id":"https:\/\/www.evercoat.com\/es\/product\/rage-optex-gallon\/#primaryimage"},"image":{"@id":"https:\/\/www.evercoat.com\/es\/product\/rage-optex-gallon\/#primaryimage"},"thumbnailUrl":"https:\/\/www.evercoat.com\/es\/wp-content\/uploads\/sites\/2\/2022\/08\/RageOptex_Gallon.jpg","datePublished":"2022-08-12T16:35:02+00:00","dateModified":"2025-10-02T15:08:08+00:00","breadcrumb":{"@id":"https:\/\/www.evercoat.com\/es\/product\/rage-optex-gallon\/#breadcrumb"},"inLanguage":"en-US","potentialAction":[{"@type":"ReadAction","target":["https:\/\/www.evercoat.com\/es\/product\/rage-optex-gallon\/"]}]},{"@type":"ImageObject","inLanguage":"en-US","@id":"https:\/\/www.evercoat.com\/es\/product\/rage-optex-gallon\/#primaryimage","url":"https:\/\/www.evercoat.com\/es\/wp-content\/uploads\/sites\/2\/2022\/08\/RageOptex_Gallon.jpg","contentUrl":"https:\/\/www.evercoat.com\/es\/wp-content\/uploads\/sites\/2\/2022\/08\/RageOptex_Gallon.jpg","width":400,"height":546},{"@type":"BreadcrumbList","@id":"https:\/\/www.evercoat.com\/es\/product\/rage-optex-gallon\/#breadcrumb","itemListElement":[{"@type":"ListItem","position":1,"name":"Home","item":"https:\/\/www.evercoat.com\/es\/"},{"@type":"ListItem","position":2,"name":"Taller","item":"https:\/\/www.evercoat.com\/es\/shop\/"},{"@type":"ListItem","position":3,"name":"100135 &#8211; Rage\u00ae OPTEX\u00ae, Gallon"}]},{"@type":"WebSite","@id":"https:\/\/www.evercoat.com\/es\/#website","url":"https:\/\/www.evercoat.com\/es\/","name":"ITW Evercoat Spanish","description":"","potentialAction":[{"@type":"SearchAction","target":{"@type":"EntryPoint","urlTemplate":"https:\/\/www.evercoat.com\/es\/?s={search_term_string}"},"query-input":{"@type":"PropertyValueSpecification","valueRequired":true,"valueName":"search_term_string"}}],"inLanguage":"en-US"}]}},"_links":{"self":[{"href":"https:\/\/www.evercoat.com\/es\/wp-json\/wp\/v2\/product\/419","targetHints":{"allow":["GET"]}}],"collection":[{"href":"https:\/\/www.evercoat.com\/es\/wp-json\/wp\/v2\/product"}],"about":[{"href":"https:\/\/www.evercoat.com\/es\/wp-json\/wp\/v2\/types\/product"}],"replies":[{"embeddable":true,"href":"https:\/\/www.evercoat.com\/es\/wp-json\/wp\/v2\/comments?post=419"}],"wp:featuredmedia":[{"embeddable":true,"href":"https:\/\/www.evercoat.com\/es\/wp-json\/wp\/v2\/media\/420"}],"wp:attachment":[{"href":"https:\/\/www.evercoat.com\/es\/wp-json\/wp\/v2\/media?parent=419"}],"wp:term":[{"taxonomy":"product_brand","embeddable":true,"href":"https:\/\/www.evercoat.com\/es\/wp-json\/wp\/v2\/product_brand?post=419"},{"taxonomy":"product_cat","embeddable":true,"href":"https:\/\/www.evercoat.com\/es\/wp-json\/wp\/v2\/product_cat?post=419"},{"taxonomy":"product_tag","embeddable":true,"href":"https:\/\/www.evercoat.com\/es\/wp-json\/wp\/v2\/product_tag?post=419"}],"curies":[{"name":"wp","href":"https:\/\/api.w.org\/{rel}","templated":true}]}}