{"id":417,"date":"2022-08-12T16:32:50","date_gmt":"2022-08-12T16:32:50","guid":{"rendered":"https:\/\/evercoat.fmtemp.com\/?post_type=product&#038;p=417"},"modified":"2023-10-25T17:04:59","modified_gmt":"2023-10-25T17:04:59","slug":"rage-ultra-3-gallon-pail-mechanical","status":"publish","type":"product","link":"https:\/\/www.evercoat.com\/es\/product\/rage-ultra-3-gallon-pail-mechanical\/","title":{"rendered":"100127 &#8211; Rage\u00ae Ultra, 3 Gallon Pail &#8211; Mechanical"},"content":{"rendered":"<table class=\"table\" width=\"100%\">\n<tbody>\n<tr class=\"subProductDetailsHeader hidden-sm hidden-xs\">\n<th width=\"25%\">Part Number<\/th>\n<th width=\"25%\">Size<\/th>\n<th width=\"25%\">Units\/Case<\/th>\n<th width=\"25%\">Wt\/Case<\/th>\n<\/tr>\n<tr class=\"subProductDetails hidden-sm hidden-xs\">\n<td>100127<\/td>\n<td>3 GA<\/td>\n<td>1<\/td>\n<td>8.800\/KG<\/td>\n<\/tr>\n<\/tbody>\n<\/table>\n<p>&nbsp;<\/p>\n","protected":false},"excerpt":{"rendered":"<p>Rage Ultra es el mejor rellenador de carrocer\u00eda con f\u00e1cil lijado del mundo. Sus incomparables cualidades de lijado son el resultado de la f\u00f3rmula pendiente de patente que contiene tecnolog\u00eda renovable. Su f\u00f3rmula que no se hunde tiene excelentes propiedades de relleno, al tiempo que elimina la necesidad del uso de una masilla de acabado.<\/p>\n","protected":false},"featured_media":418,"comment_status":"closed","ping_status":"closed","template":"","meta":{"_acf_changed":false,"_et_pb_use_builder":"","_et_pb_old_content":"","_et_gb_content_width":"","content-type":""},"product_brand":[],"product_cat":[24,23,22],"product_tag":[],"class_list":{"0":"post-417","1":"product","2":"type-product","3":"status-publish","4":"has-post-thumbnail","6":"product_cat-premium","7":"product_cat-rage","8":"product_cat-body-filler","10":"first","11":"instock","12":"virtual","13":"product-type-simple"},"acf":[],"yoast_head":"<!-- This site is optimized with the Yoast SEO plugin v27.1.1 - https:\/\/yoast.com\/product\/yoast-seo-wordpress\/ -->\n<title>100127 - Rage\u00ae Ultra, 3 Gallon Pail - Mechanical - ITW Evercoat Spanish<\/title>\n<meta name=\"robots\" content=\"index, follow, max-snippet:-1, max-image-preview:large, max-video-preview:-1\" \/>\n<link rel=\"canonical\" href=\"https:\/\/www.evercoat.com\/es\/product\/rage-ultra-3-gallon-pail-mechanical\/\" \/>\n<meta property=\"og:locale\" content=\"en_US\" \/>\n<meta property=\"og:type\" content=\"article\" \/>\n<meta property=\"og:title\" content=\"100127 - Rage\u00ae Ultra, 3 Gallon Pail - Mechanical - ITW Evercoat Spanish\" \/>\n<meta property=\"og:description\" content=\"Rage Ultra es el mejor rellenador de carrocer\u00eda con f\u00e1cil lijado del mundo. Sus incomparables cualidades de lijado son el resultado de la f\u00f3rmula pendiente de patente que contiene tecnolog\u00eda renovable. Su f\u00f3rmula que no se hunde tiene excelentes propiedades de relleno, al tiempo que elimina la necesidad del uso de una masilla de acabado.\" \/>\n<meta property=\"og:url\" content=\"https:\/\/www.evercoat.com\/es\/product\/rage-ultra-3-gallon-pail-mechanical\/\" \/>\n<meta property=\"og:site_name\" content=\"ITW Evercoat Spanish\" \/>\n<meta property=\"article:modified_time\" content=\"2023-10-25T17:04:59+00:00\" \/>\n<meta property=\"og:image\" content=\"https:\/\/www.evercoat.com\/es\/wp-content\/uploads\/sites\/2\/2022\/08\/RageUltra_3GalPail.jpg\" \/>\n\t<meta property=\"og:image:width\" content=\"400\" \/>\n\t<meta property=\"og:image:height\" content=\"323\" \/>\n\t<meta property=\"og:image:type\" content=\"image\/jpeg\" \/>\n<meta name=\"twitter:card\" content=\"summary_large_image\" \/>\n<meta name=\"twitter:label1\" content=\"Est. reading time\" \/>\n\t<meta name=\"twitter:data1\" content=\"1 minute\" \/>\n<script type=\"application\/ld+json\" class=\"yoast-schema-graph\">{\"@context\":\"https:\/\/schema.org\",\"@graph\":[{\"@type\":\"WebPage\",\"@id\":\"https:\/\/www.evercoat.com\/es\/product\/rage-ultra-3-gallon-pail-mechanical\/\",\"url\":\"https:\/\/www.evercoat.com\/es\/product\/rage-ultra-3-gallon-pail-mechanical\/\",\"name\":\"100127 - Rage\u00ae Ultra, 3 Gallon Pail - Mechanical - ITW Evercoat Spanish\",\"isPartOf\":{\"@id\":\"https:\/\/www.evercoat.com\/es\/#website\"},\"primaryImageOfPage\":{\"@id\":\"https:\/\/www.evercoat.com\/es\/product\/rage-ultra-3-gallon-pail-mechanical\/#primaryimage\"},\"image\":{\"@id\":\"https:\/\/www.evercoat.com\/es\/product\/rage-ultra-3-gallon-pail-mechanical\/#primaryimage\"},\"thumbnailUrl\":\"https:\/\/www.evercoat.com\/es\/wp-content\/uploads\/sites\/2\/2022\/08\/RageUltra_3GalPail.jpg\",\"datePublished\":\"2022-08-12T16:32:50+00:00\",\"dateModified\":\"2023-10-25T17:04:59+00:00\",\"breadcrumb\":{\"@id\":\"https:\/\/www.evercoat.com\/es\/product\/rage-ultra-3-gallon-pail-mechanical\/#breadcrumb\"},\"inLanguage\":\"en-US\",\"potentialAction\":[{\"@type\":\"ReadAction\",\"target\":[\"https:\/\/www.evercoat.com\/es\/product\/rage-ultra-3-gallon-pail-mechanical\/\"]}]},{\"@type\":\"ImageObject\",\"inLanguage\":\"en-US\",\"@id\":\"https:\/\/www.evercoat.com\/es\/product\/rage-ultra-3-gallon-pail-mechanical\/#primaryimage\",\"url\":\"https:\/\/www.evercoat.com\/es\/wp-content\/uploads\/sites\/2\/2022\/08\/RageUltra_3GalPail.jpg\",\"contentUrl\":\"https:\/\/www.evercoat.com\/es\/wp-content\/uploads\/sites\/2\/2022\/08\/RageUltra_3GalPail.jpg\",\"width\":400,\"height\":323},{\"@type\":\"BreadcrumbList\",\"@id\":\"https:\/\/www.evercoat.com\/es\/product\/rage-ultra-3-gallon-pail-mechanical\/#breadcrumb\",\"itemListElement\":[{\"@type\":\"ListItem\",\"position\":1,\"name\":\"Home\",\"item\":\"https:\/\/www.evercoat.com\/es\/\"},{\"@type\":\"ListItem\",\"position\":2,\"name\":\"Taller\",\"item\":\"https:\/\/www.evercoat.com\/es\/shop\/\"},{\"@type\":\"ListItem\",\"position\":3,\"name\":\"100127 &#8211; Rage\u00ae Ultra, 3 Gallon Pail &#8211; Mechanical\"}]},{\"@type\":\"WebSite\",\"@id\":\"https:\/\/www.evercoat.com\/es\/#website\",\"url\":\"https:\/\/www.evercoat.com\/es\/\",\"name\":\"ITW Evercoat Spanish\",\"description\":\"\",\"potentialAction\":[{\"@type\":\"SearchAction\",\"target\":{\"@type\":\"EntryPoint\",\"urlTemplate\":\"https:\/\/www.evercoat.com\/es\/?s={search_term_string}\"},\"query-input\":{\"@type\":\"PropertyValueSpecification\",\"valueRequired\":true,\"valueName\":\"search_term_string\"}}],\"inLanguage\":\"en-US\"}]}<\/script>\n<!-- \/ Yoast SEO plugin. -->","yoast_head_json":{"title":"100127 - Rage\u00ae Ultra, 3 Gallon Pail - Mechanical - ITW Evercoat Spanish","robots":{"index":"index","follow":"follow","max-snippet":"max-snippet:-1","max-image-preview":"max-image-preview:large","max-video-preview":"max-video-preview:-1"},"canonical":"https:\/\/www.evercoat.com\/es\/product\/rage-ultra-3-gallon-pail-mechanical\/","og_locale":"en_US","og_type":"article","og_title":"100127 - Rage\u00ae Ultra, 3 Gallon Pail - Mechanical - ITW Evercoat Spanish","og_description":"Rage Ultra es el mejor rellenador de carrocer\u00eda con f\u00e1cil lijado del mundo. Sus incomparables cualidades de lijado son el resultado de la f\u00f3rmula pendiente de patente que contiene tecnolog\u00eda renovable. Su f\u00f3rmula que no se hunde tiene excelentes propiedades de relleno, al tiempo que elimina la necesidad del uso de una masilla de acabado.","og_url":"https:\/\/www.evercoat.com\/es\/product\/rage-ultra-3-gallon-pail-mechanical\/","og_site_name":"ITW Evercoat Spanish","article_modified_time":"2023-10-25T17:04:59+00:00","og_image":[{"width":400,"height":323,"url":"https:\/\/www.evercoat.com\/es\/wp-content\/uploads\/sites\/2\/2022\/08\/RageUltra_3GalPail.jpg","type":"image\/jpeg"}],"twitter_card":"summary_large_image","twitter_misc":{"Est. reading time":"1 minute"},"schema":{"@context":"https:\/\/schema.org","@graph":[{"@type":"WebPage","@id":"https:\/\/www.evercoat.com\/es\/product\/rage-ultra-3-gallon-pail-mechanical\/","url":"https:\/\/www.evercoat.com\/es\/product\/rage-ultra-3-gallon-pail-mechanical\/","name":"100127 - Rage\u00ae Ultra, 3 Gallon Pail - Mechanical - ITW Evercoat Spanish","isPartOf":{"@id":"https:\/\/www.evercoat.com\/es\/#website"},"primaryImageOfPage":{"@id":"https:\/\/www.evercoat.com\/es\/product\/rage-ultra-3-gallon-pail-mechanical\/#primaryimage"},"image":{"@id":"https:\/\/www.evercoat.com\/es\/product\/rage-ultra-3-gallon-pail-mechanical\/#primaryimage"},"thumbnailUrl":"https:\/\/www.evercoat.com\/es\/wp-content\/uploads\/sites\/2\/2022\/08\/RageUltra_3GalPail.jpg","datePublished":"2022-08-12T16:32:50+00:00","dateModified":"2023-10-25T17:04:59+00:00","breadcrumb":{"@id":"https:\/\/www.evercoat.com\/es\/product\/rage-ultra-3-gallon-pail-mechanical\/#breadcrumb"},"inLanguage":"en-US","potentialAction":[{"@type":"ReadAction","target":["https:\/\/www.evercoat.com\/es\/product\/rage-ultra-3-gallon-pail-mechanical\/"]}]},{"@type":"ImageObject","inLanguage":"en-US","@id":"https:\/\/www.evercoat.com\/es\/product\/rage-ultra-3-gallon-pail-mechanical\/#primaryimage","url":"https:\/\/www.evercoat.com\/es\/wp-content\/uploads\/sites\/2\/2022\/08\/RageUltra_3GalPail.jpg","contentUrl":"https:\/\/www.evercoat.com\/es\/wp-content\/uploads\/sites\/2\/2022\/08\/RageUltra_3GalPail.jpg","width":400,"height":323},{"@type":"BreadcrumbList","@id":"https:\/\/www.evercoat.com\/es\/product\/rage-ultra-3-gallon-pail-mechanical\/#breadcrumb","itemListElement":[{"@type":"ListItem","position":1,"name":"Home","item":"https:\/\/www.evercoat.com\/es\/"},{"@type":"ListItem","position":2,"name":"Taller","item":"https:\/\/www.evercoat.com\/es\/shop\/"},{"@type":"ListItem","position":3,"name":"100127 &#8211; Rage\u00ae Ultra, 3 Gallon Pail &#8211; Mechanical"}]},{"@type":"WebSite","@id":"https:\/\/www.evercoat.com\/es\/#website","url":"https:\/\/www.evercoat.com\/es\/","name":"ITW Evercoat Spanish","description":"","potentialAction":[{"@type":"SearchAction","target":{"@type":"EntryPoint","urlTemplate":"https:\/\/www.evercoat.com\/es\/?s={search_term_string}"},"query-input":{"@type":"PropertyValueSpecification","valueRequired":true,"valueName":"search_term_string"}}],"inLanguage":"en-US"}]}},"_links":{"self":[{"href":"https:\/\/www.evercoat.com\/es\/wp-json\/wp\/v2\/product\/417","targetHints":{"allow":["GET"]}}],"collection":[{"href":"https:\/\/www.evercoat.com\/es\/wp-json\/wp\/v2\/product"}],"about":[{"href":"https:\/\/www.evercoat.com\/es\/wp-json\/wp\/v2\/types\/product"}],"replies":[{"embeddable":true,"href":"https:\/\/www.evercoat.com\/es\/wp-json\/wp\/v2\/comments?post=417"}],"wp:featuredmedia":[{"embeddable":true,"href":"https:\/\/www.evercoat.com\/es\/wp-json\/wp\/v2\/media\/418"}],"wp:attachment":[{"href":"https:\/\/www.evercoat.com\/es\/wp-json\/wp\/v2\/media?parent=417"}],"wp:term":[{"taxonomy":"product_brand","embeddable":true,"href":"https:\/\/www.evercoat.com\/es\/wp-json\/wp\/v2\/product_brand?post=417"},{"taxonomy":"product_cat","embeddable":true,"href":"https:\/\/www.evercoat.com\/es\/wp-json\/wp\/v2\/product_cat?post=417"},{"taxonomy":"product_tag","embeddable":true,"href":"https:\/\/www.evercoat.com\/es\/wp-json\/wp\/v2\/product_tag?post=417"}],"curies":[{"name":"wp","href":"https:\/\/api.w.org\/{rel}","templated":true}]}}