{"id":406,"date":"2022-08-12T16:20:51","date_gmt":"2022-08-12T16:20:51","guid":{"rendered":"https:\/\/evercoat.fmtemp.com\/?post_type=product&#038;p=406"},"modified":"2023-10-25T17:01:41","modified_gmt":"2023-10-25T17:01:41","slug":"rage-xtreme-gallon","status":"publish","type":"product","link":"https:\/\/www.evercoat.com\/es\/product\/rage-xtreme-gallon\/","title":{"rendered":"100120 &#8211; Rage\u00ae Xtreme\u2122, Gallon"},"content":{"rendered":"<table class=\"table table-condensed\" width=\"100%\">\n<tbody>\n<tr class=\"subProductDetailsHeader hidden-sm hidden-xs\">\n<th width=\"25%\">Part Number<\/th>\n<th width=\"25%\">Size<\/th>\n<th width=\"25%\">Units\/Case<\/th>\n<th width=\"25%\">Wt\/Case<\/th>\n<\/tr>\n<tr class=\"info\">\n<th colspan=\"4\">Rage\u00ae Xtreme, 3-Gallon Pail &#8211; Mechanical<\/th>\n<\/tr>\n<tr class=\"subProductDetails hidden-sm hidden-xs\">\n<td>100121<\/td>\n<td>3 GA<\/td>\n<td>1<\/td>\n<td><\/td>\n<\/tr>\n<tr class=\"info\">\n<th colspan=\"4\">Rage\u00ae Xtreme\u2122, Gallon<\/th>\n<\/tr>\n<tr class=\"subProductDetails hidden-sm hidden-xs\">\n<td>100120<\/td>\n<td>3 LT<\/td>\n<td>4<\/td>\n<\/tr>\n<\/tbody>\n<\/table>\n<p>&nbsp;<\/p>\n","protected":false},"excerpt":{"rendered":"<p>Rage Xtreme es el primer rellenador de carrocer\u00eda premium del mundo sin puntos de alfiler. Esta f\u00f3rmula \u00fanica y t\u00e9cnicamente avanzada es autonivelante para facilitar la aplicaci\u00f3n, lo que reduce el tiempo de lijado para eliminar la textura pesada. Se lija f\u00e1cilmente con lija de grano 80, eliminando la necesidad de granos gruesos que pueden causar marcas por ara\u00f1azos de lijado.<\/p>\n","protected":false},"featured_media":411,"comment_status":"closed","ping_status":"closed","template":"","meta":{"_acf_changed":false,"_et_pb_use_builder":"","_et_pb_old_content":"","_et_gb_content_width":"","content-type":""},"product_brand":[],"product_cat":[24,23,22],"product_tag":[],"class_list":{"0":"post-406","1":"product","2":"type-product","3":"status-publish","4":"has-post-thumbnail","6":"product_cat-premium","7":"product_cat-rage","8":"product_cat-body-filler","10":"first","11":"instock","12":"virtual","13":"product-type-simple"},"acf":[],"yoast_head":"<!-- This site is optimized with the Yoast SEO plugin v27.4 - https:\/\/yoast.com\/product\/yoast-seo-wordpress\/ -->\n<title>100120 - Rage\u00ae Xtreme\u2122, Gallon - ITW Evercoat Spanish<\/title>\n<meta name=\"robots\" content=\"index, follow, max-snippet:-1, max-image-preview:large, max-video-preview:-1\" \/>\n<link rel=\"canonical\" href=\"https:\/\/www.evercoat.com\/es\/product\/rage-xtreme-gallon\/\" \/>\n<meta property=\"og:locale\" content=\"en_US\" \/>\n<meta property=\"og:type\" content=\"article\" \/>\n<meta property=\"og:title\" content=\"100120 - Rage\u00ae Xtreme\u2122, Gallon - ITW Evercoat Spanish\" \/>\n<meta property=\"og:description\" content=\"Rage Xtreme es el primer rellenador de carrocer\u00eda premium del mundo sin puntos de alfiler. Esta f\u00f3rmula \u00fanica y t\u00e9cnicamente avanzada es autonivelante para facilitar la aplicaci\u00f3n, lo que reduce el tiempo de lijado para eliminar la textura pesada. Se lija f\u00e1cilmente con lija de grano 80, eliminando la necesidad de granos gruesos que pueden causar marcas por ara\u00f1azos de lijado.\" \/>\n<meta property=\"og:url\" content=\"https:\/\/www.evercoat.com\/es\/product\/rage-xtreme-gallon\/\" \/>\n<meta property=\"og:site_name\" content=\"ITW Evercoat Spanish\" \/>\n<meta property=\"article:modified_time\" content=\"2023-10-25T17:01:41+00:00\" \/>\n<meta property=\"og:image\" content=\"https:\/\/www.evercoat.com\/es\/wp-content\/uploads\/sites\/2\/2022\/08\/RageXtreme_Gallon.jpg\" \/>\n\t<meta property=\"og:image:width\" content=\"405\" \/>\n\t<meta property=\"og:image:height\" content=\"550\" \/>\n\t<meta property=\"og:image:type\" content=\"image\/jpeg\" \/>\n<meta name=\"twitter:card\" content=\"summary_large_image\" \/>\n<meta name=\"twitter:label1\" content=\"Est. reading time\" \/>\n\t<meta name=\"twitter:data1\" content=\"1 minute\" \/>\n<script type=\"application\/ld+json\" class=\"yoast-schema-graph\">{\"@context\":\"https:\\\/\\\/schema.org\",\"@graph\":[{\"@type\":\"WebPage\",\"@id\":\"https:\\\/\\\/www.evercoat.com\\\/es\\\/product\\\/rage-xtreme-gallon\\\/\",\"url\":\"https:\\\/\\\/www.evercoat.com\\\/es\\\/product\\\/rage-xtreme-gallon\\\/\",\"name\":\"100120 - Rage\u00ae Xtreme\u2122, Gallon - ITW Evercoat Spanish\",\"isPartOf\":{\"@id\":\"https:\\\/\\\/www.evercoat.com\\\/es\\\/#website\"},\"primaryImageOfPage\":{\"@id\":\"https:\\\/\\\/www.evercoat.com\\\/es\\\/product\\\/rage-xtreme-gallon\\\/#primaryimage\"},\"image\":{\"@id\":\"https:\\\/\\\/www.evercoat.com\\\/es\\\/product\\\/rage-xtreme-gallon\\\/#primaryimage\"},\"thumbnailUrl\":\"https:\\\/\\\/www.evercoat.com\\\/es\\\/wp-content\\\/uploads\\\/sites\\\/2\\\/2022\\\/08\\\/RageXtreme_Gallon.jpg\",\"datePublished\":\"2022-08-12T16:20:51+00:00\",\"dateModified\":\"2023-10-25T17:01:41+00:00\",\"breadcrumb\":{\"@id\":\"https:\\\/\\\/www.evercoat.com\\\/es\\\/product\\\/rage-xtreme-gallon\\\/#breadcrumb\"},\"inLanguage\":\"en-US\",\"potentialAction\":[{\"@type\":\"ReadAction\",\"target\":[\"https:\\\/\\\/www.evercoat.com\\\/es\\\/product\\\/rage-xtreme-gallon\\\/\"]}]},{\"@type\":\"ImageObject\",\"inLanguage\":\"en-US\",\"@id\":\"https:\\\/\\\/www.evercoat.com\\\/es\\\/product\\\/rage-xtreme-gallon\\\/#primaryimage\",\"url\":\"https:\\\/\\\/www.evercoat.com\\\/es\\\/wp-content\\\/uploads\\\/sites\\\/2\\\/2022\\\/08\\\/RageXtreme_Gallon.jpg\",\"contentUrl\":\"https:\\\/\\\/www.evercoat.com\\\/es\\\/wp-content\\\/uploads\\\/sites\\\/2\\\/2022\\\/08\\\/RageXtreme_Gallon.jpg\",\"width\":405,\"height\":550},{\"@type\":\"BreadcrumbList\",\"@id\":\"https:\\\/\\\/www.evercoat.com\\\/es\\\/product\\\/rage-xtreme-gallon\\\/#breadcrumb\",\"itemListElement\":[{\"@type\":\"ListItem\",\"position\":1,\"name\":\"Home\",\"item\":\"https:\\\/\\\/www.evercoat.com\\\/es\\\/\"},{\"@type\":\"ListItem\",\"position\":2,\"name\":\"Taller\",\"item\":\"https:\\\/\\\/www.evercoat.com\\\/es\\\/shop\\\/\"},{\"@type\":\"ListItem\",\"position\":3,\"name\":\"100120 &#8211; Rage\u00ae Xtreme\u2122, Gallon\"}]},{\"@type\":\"WebSite\",\"@id\":\"https:\\\/\\\/www.evercoat.com\\\/es\\\/#website\",\"url\":\"https:\\\/\\\/www.evercoat.com\\\/es\\\/\",\"name\":\"ITW Evercoat Spanish\",\"description\":\"\",\"potentialAction\":[{\"@type\":\"SearchAction\",\"target\":{\"@type\":\"EntryPoint\",\"urlTemplate\":\"https:\\\/\\\/www.evercoat.com\\\/es\\\/?s={search_term_string}\"},\"query-input\":{\"@type\":\"PropertyValueSpecification\",\"valueRequired\":true,\"valueName\":\"search_term_string\"}}],\"inLanguage\":\"en-US\"}]}<\/script>\n<!-- \/ Yoast SEO plugin. -->","yoast_head_json":{"title":"100120 - Rage\u00ae Xtreme\u2122, Gallon - ITW Evercoat Spanish","robots":{"index":"index","follow":"follow","max-snippet":"max-snippet:-1","max-image-preview":"max-image-preview:large","max-video-preview":"max-video-preview:-1"},"canonical":"https:\/\/www.evercoat.com\/es\/product\/rage-xtreme-gallon\/","og_locale":"en_US","og_type":"article","og_title":"100120 - Rage\u00ae Xtreme\u2122, Gallon - ITW Evercoat Spanish","og_description":"Rage Xtreme es el primer rellenador de carrocer\u00eda premium del mundo sin puntos de alfiler. Esta f\u00f3rmula \u00fanica y t\u00e9cnicamente avanzada es autonivelante para facilitar la aplicaci\u00f3n, lo que reduce el tiempo de lijado para eliminar la textura pesada. Se lija f\u00e1cilmente con lija de grano 80, eliminando la necesidad de granos gruesos que pueden causar marcas por ara\u00f1azos de lijado.","og_url":"https:\/\/www.evercoat.com\/es\/product\/rage-xtreme-gallon\/","og_site_name":"ITW Evercoat Spanish","article_modified_time":"2023-10-25T17:01:41+00:00","og_image":[{"width":405,"height":550,"url":"https:\/\/www.evercoat.com\/es\/wp-content\/uploads\/sites\/2\/2022\/08\/RageXtreme_Gallon.jpg","type":"image\/jpeg"}],"twitter_card":"summary_large_image","twitter_misc":{"Est. reading time":"1 minute"},"schema":{"@context":"https:\/\/schema.org","@graph":[{"@type":"WebPage","@id":"https:\/\/www.evercoat.com\/es\/product\/rage-xtreme-gallon\/","url":"https:\/\/www.evercoat.com\/es\/product\/rage-xtreme-gallon\/","name":"100120 - Rage\u00ae Xtreme\u2122, Gallon - ITW Evercoat Spanish","isPartOf":{"@id":"https:\/\/www.evercoat.com\/es\/#website"},"primaryImageOfPage":{"@id":"https:\/\/www.evercoat.com\/es\/product\/rage-xtreme-gallon\/#primaryimage"},"image":{"@id":"https:\/\/www.evercoat.com\/es\/product\/rage-xtreme-gallon\/#primaryimage"},"thumbnailUrl":"https:\/\/www.evercoat.com\/es\/wp-content\/uploads\/sites\/2\/2022\/08\/RageXtreme_Gallon.jpg","datePublished":"2022-08-12T16:20:51+00:00","dateModified":"2023-10-25T17:01:41+00:00","breadcrumb":{"@id":"https:\/\/www.evercoat.com\/es\/product\/rage-xtreme-gallon\/#breadcrumb"},"inLanguage":"en-US","potentialAction":[{"@type":"ReadAction","target":["https:\/\/www.evercoat.com\/es\/product\/rage-xtreme-gallon\/"]}]},{"@type":"ImageObject","inLanguage":"en-US","@id":"https:\/\/www.evercoat.com\/es\/product\/rage-xtreme-gallon\/#primaryimage","url":"https:\/\/www.evercoat.com\/es\/wp-content\/uploads\/sites\/2\/2022\/08\/RageXtreme_Gallon.jpg","contentUrl":"https:\/\/www.evercoat.com\/es\/wp-content\/uploads\/sites\/2\/2022\/08\/RageXtreme_Gallon.jpg","width":405,"height":550},{"@type":"BreadcrumbList","@id":"https:\/\/www.evercoat.com\/es\/product\/rage-xtreme-gallon\/#breadcrumb","itemListElement":[{"@type":"ListItem","position":1,"name":"Home","item":"https:\/\/www.evercoat.com\/es\/"},{"@type":"ListItem","position":2,"name":"Taller","item":"https:\/\/www.evercoat.com\/es\/shop\/"},{"@type":"ListItem","position":3,"name":"100120 &#8211; Rage\u00ae Xtreme\u2122, Gallon"}]},{"@type":"WebSite","@id":"https:\/\/www.evercoat.com\/es\/#website","url":"https:\/\/www.evercoat.com\/es\/","name":"ITW Evercoat Spanish","description":"","potentialAction":[{"@type":"SearchAction","target":{"@type":"EntryPoint","urlTemplate":"https:\/\/www.evercoat.com\/es\/?s={search_term_string}"},"query-input":{"@type":"PropertyValueSpecification","valueRequired":true,"valueName":"search_term_string"}}],"inLanguage":"en-US"}]}},"_links":{"self":[{"href":"https:\/\/www.evercoat.com\/es\/wp-json\/wp\/v2\/product\/406","targetHints":{"allow":["GET"]}}],"collection":[{"href":"https:\/\/www.evercoat.com\/es\/wp-json\/wp\/v2\/product"}],"about":[{"href":"https:\/\/www.evercoat.com\/es\/wp-json\/wp\/v2\/types\/product"}],"replies":[{"embeddable":true,"href":"https:\/\/www.evercoat.com\/es\/wp-json\/wp\/v2\/comments?post=406"}],"wp:featuredmedia":[{"embeddable":true,"href":"https:\/\/www.evercoat.com\/es\/wp-json\/wp\/v2\/media\/411"}],"wp:attachment":[{"href":"https:\/\/www.evercoat.com\/es\/wp-json\/wp\/v2\/media?parent=406"}],"wp:term":[{"taxonomy":"product_brand","embeddable":true,"href":"https:\/\/www.evercoat.com\/es\/wp-json\/wp\/v2\/product_brand?post=406"},{"taxonomy":"product_cat","embeddable":true,"href":"https:\/\/www.evercoat.com\/es\/wp-json\/wp\/v2\/product_cat?post=406"},{"taxonomy":"product_tag","embeddable":true,"href":"https:\/\/www.evercoat.com\/es\/wp-json\/wp\/v2\/product_tag?post=406"}],"curies":[{"name":"wp","href":"https:\/\/api.w.org\/{rel}","templated":true}]}}