{"id":397,"date":"2022-08-12T16:10:20","date_gmt":"2022-08-12T16:10:20","guid":{"rendered":"https:\/\/evercoat.fmtemp.com\/?post_type=product&#038;p=397"},"modified":"2025-10-07T21:34:47","modified_gmt":"2025-10-07T21:34:47","slug":"rage-gold-gallon","status":"publish","type":"product","link":"https:\/\/www.evercoat.com\/es\/product\/rage-gold-gallon\/","title":{"rendered":"100112 &#8211; Rage\u00ae Gold, Gallon"},"content":{"rendered":"<table class=\"table table-condensed\" width=\"100%\">\n<tbody>\n<tr class=\"subProductDetailsHeader hidden-sm hidden-xs\">\n<th width=\"25%\">Part Number<\/th>\n<th width=\"25%\">Size<\/th>\n<th width=\"25%\">Units\/Case<\/th>\n<th width=\"25%\">Wt\/Case<\/th>\n<\/tr>\n<tr class=\"info\">\n<th colspan=\"4\">Rage\u00ae Gold, 3 Gallon Pail &#8211; Mechanical<\/th>\n<\/tr>\n<tr class=\"subProductDetails hidden-sm hidden-xs\">\n<td>100113<\/td>\n<td>3 GA<\/td>\n<td>1<\/td>\n<td><\/td>\n<\/tr>\n<tr class=\"info\">\n<th colspan=\"4\">Rage\u00ae Gold, 5 Gallon Pail &#8211; Air<\/th>\n<\/tr>\n<tr class=\"subProductDetails hidden-sm hidden-xs\">\n<td>100114<\/td>\n<td>5 GA<\/td>\n<td>1<\/td>\n<td><\/td>\n<\/tr>\n<tr class=\"info\">\n<th colspan=\"4\">Rage\u00ae Gold, Gallon<\/th>\n<\/tr>\n<tr class=\"subProductDetails hidden-sm hidden-xs\">\n<td>100112<\/td>\n<td>3 LT<\/td>\n<td>4<\/td>\n<\/tr>\n<\/tbody>\n<\/table>\n","protected":false},"excerpt":{"rendered":"<p>El rellenador de carrocer\u00eda de lijado m\u00e1s f\u00e1cil de Evercoat. Adem\u00e1s, es resistente a las manchas para su uso con pinturas base color\/trasparente. Parte del sistema Metalworks\u00ae. Endurecedor de crema azul incluido.<\/p>\n","protected":false},"featured_media":398,"comment_status":"closed","ping_status":"closed","template":"","meta":{"_acf_changed":false,"_et_pb_use_builder":"","_et_pb_old_content":"","_et_gb_content_width":"","content-type":""},"product_brand":[],"product_cat":[23,22],"product_tag":[],"class_list":{"0":"post-397","1":"product","2":"type-product","3":"status-publish","4":"has-post-thumbnail","6":"product_cat-rage","7":"product_cat-body-filler","9":"first","10":"instock","11":"virtual","12":"product-type-simple"},"acf":[],"yoast_head":"<!-- This site is optimized with the Yoast SEO plugin v27.1.1 - https:\/\/yoast.com\/product\/yoast-seo-wordpress\/ -->\n<title>100112 - Rage\u00ae Gold, Gallon - ITW Evercoat Spanish<\/title>\n<meta name=\"robots\" content=\"index, follow, max-snippet:-1, max-image-preview:large, max-video-preview:-1\" \/>\n<link rel=\"canonical\" href=\"https:\/\/www.evercoat.com\/es\/product\/rage-gold-gallon\/\" \/>\n<meta property=\"og:locale\" content=\"en_US\" \/>\n<meta property=\"og:type\" content=\"article\" \/>\n<meta property=\"og:title\" content=\"100112 - Rage\u00ae Gold, Gallon - ITW Evercoat Spanish\" \/>\n<meta property=\"og:description\" content=\"El rellenador de carrocer\u00eda de lijado m\u00e1s f\u00e1cil de Evercoat. Adem\u00e1s, es resistente a las manchas para su uso con pinturas base color\/trasparente. Parte del sistema Metalworks\u00ae. Endurecedor de crema azul incluido.\" \/>\n<meta property=\"og:url\" content=\"https:\/\/www.evercoat.com\/es\/product\/rage-gold-gallon\/\" \/>\n<meta property=\"og:site_name\" content=\"ITW Evercoat Spanish\" \/>\n<meta property=\"article:modified_time\" content=\"2025-10-07T21:34:47+00:00\" \/>\n<meta property=\"og:image\" content=\"https:\/\/www.evercoat.com\/es\/wp-content\/uploads\/sites\/2\/2022\/08\/rage-gold-prem.jpg\" \/>\n\t<meta property=\"og:image:width\" content=\"400\" \/>\n\t<meta property=\"og:image:height\" content=\"550\" \/>\n\t<meta property=\"og:image:type\" content=\"image\/jpeg\" \/>\n<meta name=\"twitter:card\" content=\"summary_large_image\" \/>\n<meta name=\"twitter:label1\" content=\"Est. reading time\" \/>\n\t<meta name=\"twitter:data1\" content=\"1 minute\" \/>\n<script type=\"application\/ld+json\" class=\"yoast-schema-graph\">{\"@context\":\"https:\/\/schema.org\",\"@graph\":[{\"@type\":\"WebPage\",\"@id\":\"https:\/\/www.evercoat.com\/es\/product\/rage-gold-gallon\/\",\"url\":\"https:\/\/www.evercoat.com\/es\/product\/rage-gold-gallon\/\",\"name\":\"100112 - Rage\u00ae Gold, Gallon - ITW Evercoat Spanish\",\"isPartOf\":{\"@id\":\"https:\/\/www.evercoat.com\/es\/#website\"},\"primaryImageOfPage\":{\"@id\":\"https:\/\/www.evercoat.com\/es\/product\/rage-gold-gallon\/#primaryimage\"},\"image\":{\"@id\":\"https:\/\/www.evercoat.com\/es\/product\/rage-gold-gallon\/#primaryimage\"},\"thumbnailUrl\":\"https:\/\/www.evercoat.com\/es\/wp-content\/uploads\/sites\/2\/2022\/08\/rage-gold-prem.jpg\",\"datePublished\":\"2022-08-12T16:10:20+00:00\",\"dateModified\":\"2025-10-07T21:34:47+00:00\",\"breadcrumb\":{\"@id\":\"https:\/\/www.evercoat.com\/es\/product\/rage-gold-gallon\/#breadcrumb\"},\"inLanguage\":\"en-US\",\"potentialAction\":[{\"@type\":\"ReadAction\",\"target\":[\"https:\/\/www.evercoat.com\/es\/product\/rage-gold-gallon\/\"]}]},{\"@type\":\"ImageObject\",\"inLanguage\":\"en-US\",\"@id\":\"https:\/\/www.evercoat.com\/es\/product\/rage-gold-gallon\/#primaryimage\",\"url\":\"https:\/\/www.evercoat.com\/es\/wp-content\/uploads\/sites\/2\/2022\/08\/rage-gold-prem.jpg\",\"contentUrl\":\"https:\/\/www.evercoat.com\/es\/wp-content\/uploads\/sites\/2\/2022\/08\/rage-gold-prem.jpg\",\"width\":400,\"height\":550},{\"@type\":\"BreadcrumbList\",\"@id\":\"https:\/\/www.evercoat.com\/es\/product\/rage-gold-gallon\/#breadcrumb\",\"itemListElement\":[{\"@type\":\"ListItem\",\"position\":1,\"name\":\"Home\",\"item\":\"https:\/\/www.evercoat.com\/es\/\"},{\"@type\":\"ListItem\",\"position\":2,\"name\":\"Taller\",\"item\":\"https:\/\/www.evercoat.com\/es\/shop\/\"},{\"@type\":\"ListItem\",\"position\":3,\"name\":\"100112 &#8211; Rage\u00ae Gold, Gallon\"}]},{\"@type\":\"WebSite\",\"@id\":\"https:\/\/www.evercoat.com\/es\/#website\",\"url\":\"https:\/\/www.evercoat.com\/es\/\",\"name\":\"ITW Evercoat Spanish\",\"description\":\"\",\"potentialAction\":[{\"@type\":\"SearchAction\",\"target\":{\"@type\":\"EntryPoint\",\"urlTemplate\":\"https:\/\/www.evercoat.com\/es\/?s={search_term_string}\"},\"query-input\":{\"@type\":\"PropertyValueSpecification\",\"valueRequired\":true,\"valueName\":\"search_term_string\"}}],\"inLanguage\":\"en-US\"}]}<\/script>\n<!-- \/ Yoast SEO plugin. -->","yoast_head_json":{"title":"100112 - Rage\u00ae Gold, Gallon - ITW Evercoat Spanish","robots":{"index":"index","follow":"follow","max-snippet":"max-snippet:-1","max-image-preview":"max-image-preview:large","max-video-preview":"max-video-preview:-1"},"canonical":"https:\/\/www.evercoat.com\/es\/product\/rage-gold-gallon\/","og_locale":"en_US","og_type":"article","og_title":"100112 - Rage\u00ae Gold, Gallon - ITW Evercoat Spanish","og_description":"El rellenador de carrocer\u00eda de lijado m\u00e1s f\u00e1cil de Evercoat. Adem\u00e1s, es resistente a las manchas para su uso con pinturas base color\/trasparente. Parte del sistema Metalworks\u00ae. Endurecedor de crema azul incluido.","og_url":"https:\/\/www.evercoat.com\/es\/product\/rage-gold-gallon\/","og_site_name":"ITW Evercoat Spanish","article_modified_time":"2025-10-07T21:34:47+00:00","og_image":[{"width":400,"height":550,"url":"https:\/\/www.evercoat.com\/es\/wp-content\/uploads\/sites\/2\/2022\/08\/rage-gold-prem.jpg","type":"image\/jpeg"}],"twitter_card":"summary_large_image","twitter_misc":{"Est. reading time":"1 minute"},"schema":{"@context":"https:\/\/schema.org","@graph":[{"@type":"WebPage","@id":"https:\/\/www.evercoat.com\/es\/product\/rage-gold-gallon\/","url":"https:\/\/www.evercoat.com\/es\/product\/rage-gold-gallon\/","name":"100112 - Rage\u00ae Gold, Gallon - ITW Evercoat Spanish","isPartOf":{"@id":"https:\/\/www.evercoat.com\/es\/#website"},"primaryImageOfPage":{"@id":"https:\/\/www.evercoat.com\/es\/product\/rage-gold-gallon\/#primaryimage"},"image":{"@id":"https:\/\/www.evercoat.com\/es\/product\/rage-gold-gallon\/#primaryimage"},"thumbnailUrl":"https:\/\/www.evercoat.com\/es\/wp-content\/uploads\/sites\/2\/2022\/08\/rage-gold-prem.jpg","datePublished":"2022-08-12T16:10:20+00:00","dateModified":"2025-10-07T21:34:47+00:00","breadcrumb":{"@id":"https:\/\/www.evercoat.com\/es\/product\/rage-gold-gallon\/#breadcrumb"},"inLanguage":"en-US","potentialAction":[{"@type":"ReadAction","target":["https:\/\/www.evercoat.com\/es\/product\/rage-gold-gallon\/"]}]},{"@type":"ImageObject","inLanguage":"en-US","@id":"https:\/\/www.evercoat.com\/es\/product\/rage-gold-gallon\/#primaryimage","url":"https:\/\/www.evercoat.com\/es\/wp-content\/uploads\/sites\/2\/2022\/08\/rage-gold-prem.jpg","contentUrl":"https:\/\/www.evercoat.com\/es\/wp-content\/uploads\/sites\/2\/2022\/08\/rage-gold-prem.jpg","width":400,"height":550},{"@type":"BreadcrumbList","@id":"https:\/\/www.evercoat.com\/es\/product\/rage-gold-gallon\/#breadcrumb","itemListElement":[{"@type":"ListItem","position":1,"name":"Home","item":"https:\/\/www.evercoat.com\/es\/"},{"@type":"ListItem","position":2,"name":"Taller","item":"https:\/\/www.evercoat.com\/es\/shop\/"},{"@type":"ListItem","position":3,"name":"100112 &#8211; Rage\u00ae Gold, Gallon"}]},{"@type":"WebSite","@id":"https:\/\/www.evercoat.com\/es\/#website","url":"https:\/\/www.evercoat.com\/es\/","name":"ITW Evercoat Spanish","description":"","potentialAction":[{"@type":"SearchAction","target":{"@type":"EntryPoint","urlTemplate":"https:\/\/www.evercoat.com\/es\/?s={search_term_string}"},"query-input":{"@type":"PropertyValueSpecification","valueRequired":true,"valueName":"search_term_string"}}],"inLanguage":"en-US"}]}},"_links":{"self":[{"href":"https:\/\/www.evercoat.com\/es\/wp-json\/wp\/v2\/product\/397","targetHints":{"allow":["GET"]}}],"collection":[{"href":"https:\/\/www.evercoat.com\/es\/wp-json\/wp\/v2\/product"}],"about":[{"href":"https:\/\/www.evercoat.com\/es\/wp-json\/wp\/v2\/types\/product"}],"replies":[{"embeddable":true,"href":"https:\/\/www.evercoat.com\/es\/wp-json\/wp\/v2\/comments?post=397"}],"wp:featuredmedia":[{"embeddable":true,"href":"https:\/\/www.evercoat.com\/es\/wp-json\/wp\/v2\/media\/398"}],"wp:attachment":[{"href":"https:\/\/www.evercoat.com\/es\/wp-json\/wp\/v2\/media?parent=397"}],"wp:term":[{"taxonomy":"product_brand","embeddable":true,"href":"https:\/\/www.evercoat.com\/es\/wp-json\/wp\/v2\/product_brand?post=397"},{"taxonomy":"product_cat","embeddable":true,"href":"https:\/\/www.evercoat.com\/es\/wp-json\/wp\/v2\/product_cat?post=397"},{"taxonomy":"product_tag","embeddable":true,"href":"https:\/\/www.evercoat.com\/es\/wp-json\/wp\/v2\/product_tag?post=397"}],"curies":[{"name":"wp","href":"https:\/\/api.w.org\/{rel}","templated":true}]}}