{"id":29203,"date":"2026-04-09T17:58:47","date_gmt":"2026-04-09T17:58:47","guid":{"rendered":"https:\/\/www.evercoat.com\/es\/product\/100483-z-grip-luxe-gallon\/"},"modified":"2026-04-09T18:14:03","modified_gmt":"2026-04-09T18:14:03","slug":"100483-z-grip-luxe-gallon","status":"publish","type":"product","link":"https:\/\/www.evercoat.com\/es\/product\/100483-z-grip-luxe-gallon\/","title":{"rendered":"100483 \u2013 Z-Grip\u00ae Luxe, Gallon"},"content":{"rendered":"<table class=\"table\" width=\"100%\">\n<tbody>\n<tr class=\"subProductDetailsHeader hidden-sm hidden-xs\">\n<th width=\"25%\">N\u00famero de Parte<\/th>\n<th width=\"25%\">Tama\u00f1o<\/th>\n<th width=\"25%\">Unidades\/Caja<\/th>\n<th width=\"25%\">Peso\/Caja<\/th>\n<\/tr>\n<tr class=\"subProductDetails hidden-sm hidden-xs\">\n<td>100483<\/td>\n<td>0.8 galones estadounidenses (3 litros)<\/td>\n<td>4<\/td>\n<td>28.4 libras<\/td>\n<\/tr>\n<\/tbody>\n<\/table>\n","protected":false},"excerpt":{"rendered":"<p>Z Grip\u00ae Luxe es un relleno de carrocer\u00eda ligero y superior con una consistencia cremosa de tono dorado que se extiende sin esfuerzo y con baja resistencia, brindando a los aplicadores un control suave desde la primera pasada. Su f\u00f3rmula avanzada ofrece un acabado refinado con apariencia h\u00fameda que se mantiene uniforme en toda la superficie, minimizando la textura pesada y reduciendo el tiempo de lijado, con un rendimiento \u00f3ptimo utilizando papel de lija de grano 80\u2013120. Libre de pegajosidad y con una excelente resistencia a los poros (pinhole), evita que el papel de lija se obstruya para lograr un acabado m\u00e1s r\u00e1pido y limpio. Dise\u00f1ado para una m\u00e1xima adhesi\u00f3n y estabilidad en el difuminado (featheredge), Z Grip\u00ae Luxe se adhiere al acero, acero galvanizado, aluminio, fibra de vidrio y SMC. Z-Grip\u00ae Luxe forma parte del sistema METALWORKS\u00ae.<\/p>\n<p class=\"heading\"><strong>Beneficios:<\/strong><\/p>\n<ul>\n<li data-section-id=\"eq20k8\" data-start=\"868\" data-end=\"887\">Lijado superior<\/li>\n<li data-section-id=\"1vmsuq2\" data-start=\"888\" data-end=\"941\">Excelente facilidad de aplicaci\u00f3n y acabado suave<\/li>\n<li data-section-id=\"o82mlz\" data-start=\"942\" data-end=\"989\">Excelente resistencia a los poros (pinhole)<\/li>\n<li data-section-id=\"hufooe\" data-start=\"990\" data-end=\"1072\" data-is-last-node=\"\">Excelente adhesi\u00f3n a la mayor\u00eda de los sustratos (incluido el acero galvanizado)<\/li>\n<\/ul>\n","protected":false},"featured_media":29202,"comment_status":"closed","ping_status":"closed","template":"","meta":{"_acf_changed":false,"_et_pb_use_builder":"","_et_pb_old_content":"","_et_gb_content_width":"","content-type":""},"product_brand":[],"product_cat":[105,106],"product_tag":[],"class_list":{"0":"post-29203","1":"product","2":"type-product","3":"status-publish","4":"has-post-thumbnail","6":"product_cat-better","7":"product_cat-body-filler-product-type-2","9":"first","10":"instock","11":"shipping-taxable","12":"product-type-simple"},"acf":[],"yoast_head":"<!-- This site is optimized with the Yoast SEO plugin v27.1.1 - https:\/\/yoast.com\/product\/yoast-seo-wordpress\/ -->\n<title>Z-Grip Luxe Body Filler gal\u00f3n | Evercoat<\/title>\n<meta name=\"description\" content=\"Z-Grip Luxe es un relleno de carrocer\u00eda ligero que ofrece una aplicaci\u00f3n suave, fuerte adhesi\u00f3n y f\u00e1cil lijado. Ideal para m\u00faltiples sustratos. M\u00e1s informaci\u00f3n.\" \/>\n<meta name=\"robots\" content=\"index, follow, max-snippet:-1, max-image-preview:large, max-video-preview:-1\" \/>\n<link rel=\"canonical\" href=\"https:\/\/www.evercoat.com\/es\/product\/100483-z-grip-luxe-gallon\/\" \/>\n<meta property=\"og:locale\" content=\"en_US\" \/>\n<meta property=\"og:type\" content=\"article\" \/>\n<meta property=\"og:title\" content=\"Z-Grip Luxe Body Filler gal\u00f3n | Evercoat\" \/>\n<meta property=\"og:description\" content=\"Z-Grip Luxe es un relleno de carrocer\u00eda ligero que ofrece una aplicaci\u00f3n suave, fuerte adhesi\u00f3n y f\u00e1cil lijado. Ideal para m\u00faltiples sustratos. M\u00e1s informaci\u00f3n.\" \/>\n<meta property=\"og:url\" content=\"https:\/\/www.evercoat.com\/es\/product\/100483-z-grip-luxe-gallon\/\" \/>\n<meta property=\"og:site_name\" content=\"ITW Evercoat Spanish\" \/>\n<meta property=\"article:modified_time\" content=\"2026-04-09T18:14:03+00:00\" \/>\n<meta property=\"og:image\" content=\"https:\/\/www.evercoat.com\/es\/wp-content\/uploads\/sites\/2\/2026\/04\/1-ZGrip-Luxe-Mockup-Front.webp\" \/>\n\t<meta property=\"og:image:width\" content=\"1200\" \/>\n\t<meta property=\"og:image:height\" content=\"960\" \/>\n\t<meta property=\"og:image:type\" content=\"image\/webp\" \/>\n<meta name=\"twitter:card\" content=\"summary_large_image\" \/>\n<meta name=\"twitter:label1\" content=\"Est. reading time\" \/>\n\t<meta name=\"twitter:data1\" content=\"1 minute\" \/>\n<script type=\"application\/ld+json\" class=\"yoast-schema-graph\">{\"@context\":\"https:\/\/schema.org\",\"@graph\":[{\"@type\":\"WebPage\",\"@id\":\"https:\/\/www.evercoat.com\/es\/product\/100483-z-grip-luxe-gallon\/\",\"url\":\"https:\/\/www.evercoat.com\/es\/product\/100483-z-grip-luxe-gallon\/\",\"name\":\"Z-Grip Luxe Body Filler gal\u00f3n | Evercoat\",\"isPartOf\":{\"@id\":\"https:\/\/www.evercoat.com\/es\/#website\"},\"primaryImageOfPage\":{\"@id\":\"https:\/\/www.evercoat.com\/es\/product\/100483-z-grip-luxe-gallon\/#primaryimage\"},\"image\":{\"@id\":\"https:\/\/www.evercoat.com\/es\/product\/100483-z-grip-luxe-gallon\/#primaryimage\"},\"thumbnailUrl\":\"https:\/\/www.evercoat.com\/es\/wp-content\/uploads\/sites\/2\/2026\/04\/1-ZGrip-Luxe-Mockup-Front.webp\",\"datePublished\":\"2026-04-09T17:58:47+00:00\",\"dateModified\":\"2026-04-09T18:14:03+00:00\",\"description\":\"Z-Grip Luxe es un relleno de carrocer\u00eda ligero que ofrece una aplicaci\u00f3n suave, fuerte adhesi\u00f3n y f\u00e1cil lijado. Ideal para m\u00faltiples sustratos. M\u00e1s informaci\u00f3n.\",\"breadcrumb\":{\"@id\":\"https:\/\/www.evercoat.com\/es\/product\/100483-z-grip-luxe-gallon\/#breadcrumb\"},\"inLanguage\":\"en-US\",\"potentialAction\":[{\"@type\":\"ReadAction\",\"target\":[\"https:\/\/www.evercoat.com\/es\/product\/100483-z-grip-luxe-gallon\/\"]}]},{\"@type\":\"ImageObject\",\"inLanguage\":\"en-US\",\"@id\":\"https:\/\/www.evercoat.com\/es\/product\/100483-z-grip-luxe-gallon\/#primaryimage\",\"url\":\"https:\/\/www.evercoat.com\/es\/wp-content\/uploads\/sites\/2\/2026\/04\/1-ZGrip-Luxe-Mockup-Front.webp\",\"contentUrl\":\"https:\/\/www.evercoat.com\/es\/wp-content\/uploads\/sites\/2\/2026\/04\/1-ZGrip-Luxe-Mockup-Front.webp\",\"width\":1200,\"height\":960},{\"@type\":\"BreadcrumbList\",\"@id\":\"https:\/\/www.evercoat.com\/es\/product\/100483-z-grip-luxe-gallon\/#breadcrumb\",\"itemListElement\":[{\"@type\":\"ListItem\",\"position\":1,\"name\":\"Home\",\"item\":\"https:\/\/www.evercoat.com\/es\/\"},{\"@type\":\"ListItem\",\"position\":2,\"name\":\"Taller\",\"item\":\"https:\/\/www.evercoat.com\/es\/shop\/\"},{\"@type\":\"ListItem\",\"position\":3,\"name\":\"100483 \u2013 Z-Grip\u00ae Luxe, Gallon\"}]},{\"@type\":\"WebSite\",\"@id\":\"https:\/\/www.evercoat.com\/es\/#website\",\"url\":\"https:\/\/www.evercoat.com\/es\/\",\"name\":\"ITW Evercoat Spanish\",\"description\":\"\",\"potentialAction\":[{\"@type\":\"SearchAction\",\"target\":{\"@type\":\"EntryPoint\",\"urlTemplate\":\"https:\/\/www.evercoat.com\/es\/?s={search_term_string}\"},\"query-input\":{\"@type\":\"PropertyValueSpecification\",\"valueRequired\":true,\"valueName\":\"search_term_string\"}}],\"inLanguage\":\"en-US\"}]}<\/script>\n<!-- \/ Yoast SEO plugin. -->","yoast_head_json":{"title":"Z-Grip Luxe Body Filler gal\u00f3n | Evercoat","description":"Z-Grip Luxe es un relleno de carrocer\u00eda ligero que ofrece una aplicaci\u00f3n suave, fuerte adhesi\u00f3n y f\u00e1cil lijado. Ideal para m\u00faltiples sustratos. M\u00e1s informaci\u00f3n.","robots":{"index":"index","follow":"follow","max-snippet":"max-snippet:-1","max-image-preview":"max-image-preview:large","max-video-preview":"max-video-preview:-1"},"canonical":"https:\/\/www.evercoat.com\/es\/product\/100483-z-grip-luxe-gallon\/","og_locale":"en_US","og_type":"article","og_title":"Z-Grip Luxe Body Filler gal\u00f3n | Evercoat","og_description":"Z-Grip Luxe es un relleno de carrocer\u00eda ligero que ofrece una aplicaci\u00f3n suave, fuerte adhesi\u00f3n y f\u00e1cil lijado. Ideal para m\u00faltiples sustratos. M\u00e1s informaci\u00f3n.","og_url":"https:\/\/www.evercoat.com\/es\/product\/100483-z-grip-luxe-gallon\/","og_site_name":"ITW Evercoat Spanish","article_modified_time":"2026-04-09T18:14:03+00:00","og_image":[{"width":1200,"height":960,"url":"https:\/\/www.evercoat.com\/es\/wp-content\/uploads\/sites\/2\/2026\/04\/1-ZGrip-Luxe-Mockup-Front.webp","type":"image\/webp"}],"twitter_card":"summary_large_image","twitter_misc":{"Est. reading time":"1 minute"},"schema":{"@context":"https:\/\/schema.org","@graph":[{"@type":"WebPage","@id":"https:\/\/www.evercoat.com\/es\/product\/100483-z-grip-luxe-gallon\/","url":"https:\/\/www.evercoat.com\/es\/product\/100483-z-grip-luxe-gallon\/","name":"Z-Grip Luxe Body Filler gal\u00f3n | Evercoat","isPartOf":{"@id":"https:\/\/www.evercoat.com\/es\/#website"},"primaryImageOfPage":{"@id":"https:\/\/www.evercoat.com\/es\/product\/100483-z-grip-luxe-gallon\/#primaryimage"},"image":{"@id":"https:\/\/www.evercoat.com\/es\/product\/100483-z-grip-luxe-gallon\/#primaryimage"},"thumbnailUrl":"https:\/\/www.evercoat.com\/es\/wp-content\/uploads\/sites\/2\/2026\/04\/1-ZGrip-Luxe-Mockup-Front.webp","datePublished":"2026-04-09T17:58:47+00:00","dateModified":"2026-04-09T18:14:03+00:00","description":"Z-Grip Luxe es un relleno de carrocer\u00eda ligero que ofrece una aplicaci\u00f3n suave, fuerte adhesi\u00f3n y f\u00e1cil lijado. Ideal para m\u00faltiples sustratos. M\u00e1s informaci\u00f3n.","breadcrumb":{"@id":"https:\/\/www.evercoat.com\/es\/product\/100483-z-grip-luxe-gallon\/#breadcrumb"},"inLanguage":"en-US","potentialAction":[{"@type":"ReadAction","target":["https:\/\/www.evercoat.com\/es\/product\/100483-z-grip-luxe-gallon\/"]}]},{"@type":"ImageObject","inLanguage":"en-US","@id":"https:\/\/www.evercoat.com\/es\/product\/100483-z-grip-luxe-gallon\/#primaryimage","url":"https:\/\/www.evercoat.com\/es\/wp-content\/uploads\/sites\/2\/2026\/04\/1-ZGrip-Luxe-Mockup-Front.webp","contentUrl":"https:\/\/www.evercoat.com\/es\/wp-content\/uploads\/sites\/2\/2026\/04\/1-ZGrip-Luxe-Mockup-Front.webp","width":1200,"height":960},{"@type":"BreadcrumbList","@id":"https:\/\/www.evercoat.com\/es\/product\/100483-z-grip-luxe-gallon\/#breadcrumb","itemListElement":[{"@type":"ListItem","position":1,"name":"Home","item":"https:\/\/www.evercoat.com\/es\/"},{"@type":"ListItem","position":2,"name":"Taller","item":"https:\/\/www.evercoat.com\/es\/shop\/"},{"@type":"ListItem","position":3,"name":"100483 \u2013 Z-Grip\u00ae Luxe, Gallon"}]},{"@type":"WebSite","@id":"https:\/\/www.evercoat.com\/es\/#website","url":"https:\/\/www.evercoat.com\/es\/","name":"ITW Evercoat Spanish","description":"","potentialAction":[{"@type":"SearchAction","target":{"@type":"EntryPoint","urlTemplate":"https:\/\/www.evercoat.com\/es\/?s={search_term_string}"},"query-input":{"@type":"PropertyValueSpecification","valueRequired":true,"valueName":"search_term_string"}}],"inLanguage":"en-US"}]}},"_links":{"self":[{"href":"https:\/\/www.evercoat.com\/es\/wp-json\/wp\/v2\/product\/29203","targetHints":{"allow":["GET"]}}],"collection":[{"href":"https:\/\/www.evercoat.com\/es\/wp-json\/wp\/v2\/product"}],"about":[{"href":"https:\/\/www.evercoat.com\/es\/wp-json\/wp\/v2\/types\/product"}],"replies":[{"embeddable":true,"href":"https:\/\/www.evercoat.com\/es\/wp-json\/wp\/v2\/comments?post=29203"}],"wp:featuredmedia":[{"embeddable":true,"href":"https:\/\/www.evercoat.com\/es\/wp-json\/wp\/v2\/media\/29202"}],"wp:attachment":[{"href":"https:\/\/www.evercoat.com\/es\/wp-json\/wp\/v2\/media?parent=29203"}],"wp:term":[{"taxonomy":"product_brand","embeddable":true,"href":"https:\/\/www.evercoat.com\/es\/wp-json\/wp\/v2\/product_brand?post=29203"},{"taxonomy":"product_cat","embeddable":true,"href":"https:\/\/www.evercoat.com\/es\/wp-json\/wp\/v2\/product_cat?post=29203"},{"taxonomy":"product_tag","embeddable":true,"href":"https:\/\/www.evercoat.com\/es\/wp-json\/wp\/v2\/product_tag?post=29203"}],"curies":[{"name":"wp","href":"https:\/\/api.w.org\/{rel}","templated":true}]}}