{"id":28945,"date":"2025-10-02T14:39:10","date_gmt":"2025-10-02T14:39:10","guid":{"rendered":"https:\/\/www.evercoat.com\/es\/?post_type=product&#038;p=28945"},"modified":"2025-12-02T19:00:29","modified_gmt":"2025-12-02T19:00:29","slug":"100748-slick-sand-optex","status":"publish","type":"product","link":"https:\/\/www.evercoat.com\/es\/product\/100748-slick-sand-optex\/","title":{"rendered":"100748 &#8211; Slick Sand\u2122 Optex\u00ae"},"content":{"rendered":"<table class=\"table\" width=\"100%\">\n<tbody>\n<tr class=\"subProductDetailsHeader hidden-sm hidden-xs\">\n<th width=\"25%\">Part Number<\/th>\n<th width=\"25%\">Size<\/th>\n<th width=\"25%\">Units\/Case<\/th>\n<th width=\"25%\">Wt\/Case<\/th>\n<\/tr>\n<tr class=\"subProductDetails hidden-sm hidden-xs\">\n<td>100748<\/td>\n<td>3.78 LT<\/td>\n<td>4<\/td>\n<td>24.100\/KG<\/td>\n<\/tr>\n<\/tbody>\n<\/table>\n","protected":false},"excerpt":{"rendered":"<p>Slick Sand\u2122 Optex\u00ae es una imprimaci\u00f3n de poli\u00e9ster de alto espesor 50:1 con una capa gu\u00eda rosa integrada, ideal para rellenar la mayor\u00eda de superficies rugosas e irregulares en una sola capa. Proporciona una base excelente para cualquier sistema de pintura sin contracci\u00f3n. Es necesario lijar cualquier coloraci\u00f3n rosa antes de aplicar la capa superior.<\/p>\n","protected":false},"featured_media":28978,"comment_status":"closed","ping_status":"closed","template":"","meta":{"_acf_changed":false,"_et_pb_use_builder":"","_et_pb_old_content":"","_et_gb_content_width":"","content-type":""},"product_brand":[],"product_cat":[99,98],"product_tag":[],"class_list":{"0":"post-28945","1":"product","2":"type-product","3":"status-publish","4":"has-post-thumbnail","6":"product_cat-primers-clears-product-type-2","7":"product_cat-product-type-2","9":"first","10":"instock","11":"shipping-taxable","12":"product-type-simple"},"acf":[],"yoast_head":"<!-- This site is optimized with the Yoast SEO plugin v27.1.1 - https:\/\/yoast.com\/product\/yoast-seo-wordpress\/ -->\n<title>100748 - Slick Sand\u2122 Optex\u00ae - ITW Evercoat Spanish<\/title>\n<meta name=\"description\" content=\"Slick Sand\u2122 Optex\u00ae is a 50:1 high-build polyester primer surfacer with a built-in pink guide coat that is ideally suited for filling most rough and uneven surfaces in one coat. It provides an excellent foundation for any paint system without shrinkage. All pink coloration must be sanded off before top coating.\" \/>\n<meta name=\"robots\" content=\"index, follow, max-snippet:-1, max-image-preview:large, max-video-preview:-1\" \/>\n<link rel=\"canonical\" href=\"https:\/\/www.evercoat.com\/es\/product\/100748-slick-sand-optex\/\" \/>\n<meta property=\"og:locale\" content=\"en_US\" \/>\n<meta property=\"og:type\" content=\"article\" \/>\n<meta property=\"og:title\" content=\"100748 - Slick Sand\u2122 Optex\u00ae - ITW Evercoat Spanish\" \/>\n<meta property=\"og:description\" content=\"Slick Sand\u2122 Optex\u00ae is a 50:1 high-build polyester primer surfacer with a built-in pink guide coat that is ideally suited for filling most rough and uneven surfaces in one coat. It provides an excellent foundation for any paint system without shrinkage. All pink coloration must be sanded off before top coating.\" \/>\n<meta property=\"og:url\" content=\"https:\/\/www.evercoat.com\/es\/product\/100748-slick-sand-optex\/\" \/>\n<meta property=\"og:site_name\" content=\"ITW Evercoat Spanish\" \/>\n<meta property=\"article:modified_time\" content=\"2025-12-02T19:00:29+00:00\" \/>\n<meta property=\"og:image\" content=\"https:\/\/www.evercoat.com\/es\/wp-content\/uploads\/sites\/2\/2025\/10\/Evercoat-Slick-Sand-Product.webp\" \/>\n\t<meta property=\"og:image:width\" content=\"1200\" \/>\n\t<meta property=\"og:image:height\" content=\"1196\" \/>\n\t<meta property=\"og:image:type\" content=\"image\/webp\" \/>\n<meta name=\"twitter:card\" content=\"summary_large_image\" \/>\n<meta name=\"twitter:label1\" content=\"Est. reading time\" \/>\n\t<meta name=\"twitter:data1\" content=\"1 minute\" \/>\n<script type=\"application\/ld+json\" class=\"yoast-schema-graph\">{\"@context\":\"https:\/\/schema.org\",\"@graph\":[{\"@type\":\"WebPage\",\"@id\":\"https:\/\/www.evercoat.com\/es\/product\/100748-slick-sand-optex\/\",\"url\":\"https:\/\/www.evercoat.com\/es\/product\/100748-slick-sand-optex\/\",\"name\":\"100748 - Slick Sand\u2122 Optex\u00ae - ITW Evercoat Spanish\",\"isPartOf\":{\"@id\":\"https:\/\/www.evercoat.com\/es\/#website\"},\"primaryImageOfPage\":{\"@id\":\"https:\/\/www.evercoat.com\/es\/product\/100748-slick-sand-optex\/#primaryimage\"},\"image\":{\"@id\":\"https:\/\/www.evercoat.com\/es\/product\/100748-slick-sand-optex\/#primaryimage\"},\"thumbnailUrl\":\"https:\/\/www.evercoat.com\/es\/wp-content\/uploads\/sites\/2\/2025\/10\/Evercoat-Slick-Sand-Product.webp\",\"datePublished\":\"2025-10-02T14:39:10+00:00\",\"dateModified\":\"2025-12-02T19:00:29+00:00\",\"description\":\"Slick Sand\u2122 Optex\u00ae is a 50:1 high-build polyester primer surfacer with a built-in pink guide coat that is ideally suited for filling most rough and uneven surfaces in one coat. It provides an excellent foundation for any paint system without shrinkage. All pink coloration must be sanded off before top coating.\",\"breadcrumb\":{\"@id\":\"https:\/\/www.evercoat.com\/es\/product\/100748-slick-sand-optex\/#breadcrumb\"},\"inLanguage\":\"en-US\",\"potentialAction\":[{\"@type\":\"ReadAction\",\"target\":[\"https:\/\/www.evercoat.com\/es\/product\/100748-slick-sand-optex\/\"]}]},{\"@type\":\"ImageObject\",\"inLanguage\":\"en-US\",\"@id\":\"https:\/\/www.evercoat.com\/es\/product\/100748-slick-sand-optex\/#primaryimage\",\"url\":\"https:\/\/www.evercoat.com\/es\/wp-content\/uploads\/sites\/2\/2025\/10\/Evercoat-Slick-Sand-Product.webp\",\"contentUrl\":\"https:\/\/www.evercoat.com\/es\/wp-content\/uploads\/sites\/2\/2025\/10\/Evercoat-Slick-Sand-Product.webp\",\"width\":1200,\"height\":1196},{\"@type\":\"BreadcrumbList\",\"@id\":\"https:\/\/www.evercoat.com\/es\/product\/100748-slick-sand-optex\/#breadcrumb\",\"itemListElement\":[{\"@type\":\"ListItem\",\"position\":1,\"name\":\"Home\",\"item\":\"https:\/\/www.evercoat.com\/es\/\"},{\"@type\":\"ListItem\",\"position\":2,\"name\":\"Taller\",\"item\":\"https:\/\/www.evercoat.com\/es\/shop\/\"},{\"@type\":\"ListItem\",\"position\":3,\"name\":\"100748 &#8211; Slick Sand\u2122 Optex\u00ae\"}]},{\"@type\":\"WebSite\",\"@id\":\"https:\/\/www.evercoat.com\/es\/#website\",\"url\":\"https:\/\/www.evercoat.com\/es\/\",\"name\":\"ITW Evercoat Spanish\",\"description\":\"\",\"potentialAction\":[{\"@type\":\"SearchAction\",\"target\":{\"@type\":\"EntryPoint\",\"urlTemplate\":\"https:\/\/www.evercoat.com\/es\/?s={search_term_string}\"},\"query-input\":{\"@type\":\"PropertyValueSpecification\",\"valueRequired\":true,\"valueName\":\"search_term_string\"}}],\"inLanguage\":\"en-US\"}]}<\/script>\n<!-- \/ Yoast SEO plugin. -->","yoast_head_json":{"title":"100748 - Slick Sand\u2122 Optex\u00ae - ITW Evercoat Spanish","description":"Slick Sand\u2122 Optex\u00ae is a 50:1 high-build polyester primer surfacer with a built-in pink guide coat that is ideally suited for filling most rough and uneven surfaces in one coat. It provides an excellent foundation for any paint system without shrinkage. All pink coloration must be sanded off before top coating.","robots":{"index":"index","follow":"follow","max-snippet":"max-snippet:-1","max-image-preview":"max-image-preview:large","max-video-preview":"max-video-preview:-1"},"canonical":"https:\/\/www.evercoat.com\/es\/product\/100748-slick-sand-optex\/","og_locale":"en_US","og_type":"article","og_title":"100748 - Slick Sand\u2122 Optex\u00ae - ITW Evercoat Spanish","og_description":"Slick Sand\u2122 Optex\u00ae is a 50:1 high-build polyester primer surfacer with a built-in pink guide coat that is ideally suited for filling most rough and uneven surfaces in one coat. It provides an excellent foundation for any paint system without shrinkage. All pink coloration must be sanded off before top coating.","og_url":"https:\/\/www.evercoat.com\/es\/product\/100748-slick-sand-optex\/","og_site_name":"ITW Evercoat Spanish","article_modified_time":"2025-12-02T19:00:29+00:00","og_image":[{"width":1200,"height":1196,"url":"https:\/\/www.evercoat.com\/es\/wp-content\/uploads\/sites\/2\/2025\/10\/Evercoat-Slick-Sand-Product.webp","type":"image\/webp"}],"twitter_card":"summary_large_image","twitter_misc":{"Est. reading time":"1 minute"},"schema":{"@context":"https:\/\/schema.org","@graph":[{"@type":"WebPage","@id":"https:\/\/www.evercoat.com\/es\/product\/100748-slick-sand-optex\/","url":"https:\/\/www.evercoat.com\/es\/product\/100748-slick-sand-optex\/","name":"100748 - Slick Sand\u2122 Optex\u00ae - ITW Evercoat Spanish","isPartOf":{"@id":"https:\/\/www.evercoat.com\/es\/#website"},"primaryImageOfPage":{"@id":"https:\/\/www.evercoat.com\/es\/product\/100748-slick-sand-optex\/#primaryimage"},"image":{"@id":"https:\/\/www.evercoat.com\/es\/product\/100748-slick-sand-optex\/#primaryimage"},"thumbnailUrl":"https:\/\/www.evercoat.com\/es\/wp-content\/uploads\/sites\/2\/2025\/10\/Evercoat-Slick-Sand-Product.webp","datePublished":"2025-10-02T14:39:10+00:00","dateModified":"2025-12-02T19:00:29+00:00","description":"Slick Sand\u2122 Optex\u00ae is a 50:1 high-build polyester primer surfacer with a built-in pink guide coat that is ideally suited for filling most rough and uneven surfaces in one coat. It provides an excellent foundation for any paint system without shrinkage. All pink coloration must be sanded off before top coating.","breadcrumb":{"@id":"https:\/\/www.evercoat.com\/es\/product\/100748-slick-sand-optex\/#breadcrumb"},"inLanguage":"en-US","potentialAction":[{"@type":"ReadAction","target":["https:\/\/www.evercoat.com\/es\/product\/100748-slick-sand-optex\/"]}]},{"@type":"ImageObject","inLanguage":"en-US","@id":"https:\/\/www.evercoat.com\/es\/product\/100748-slick-sand-optex\/#primaryimage","url":"https:\/\/www.evercoat.com\/es\/wp-content\/uploads\/sites\/2\/2025\/10\/Evercoat-Slick-Sand-Product.webp","contentUrl":"https:\/\/www.evercoat.com\/es\/wp-content\/uploads\/sites\/2\/2025\/10\/Evercoat-Slick-Sand-Product.webp","width":1200,"height":1196},{"@type":"BreadcrumbList","@id":"https:\/\/www.evercoat.com\/es\/product\/100748-slick-sand-optex\/#breadcrumb","itemListElement":[{"@type":"ListItem","position":1,"name":"Home","item":"https:\/\/www.evercoat.com\/es\/"},{"@type":"ListItem","position":2,"name":"Taller","item":"https:\/\/www.evercoat.com\/es\/shop\/"},{"@type":"ListItem","position":3,"name":"100748 &#8211; Slick Sand\u2122 Optex\u00ae"}]},{"@type":"WebSite","@id":"https:\/\/www.evercoat.com\/es\/#website","url":"https:\/\/www.evercoat.com\/es\/","name":"ITW Evercoat Spanish","description":"","potentialAction":[{"@type":"SearchAction","target":{"@type":"EntryPoint","urlTemplate":"https:\/\/www.evercoat.com\/es\/?s={search_term_string}"},"query-input":{"@type":"PropertyValueSpecification","valueRequired":true,"valueName":"search_term_string"}}],"inLanguage":"en-US"}]}},"_links":{"self":[{"href":"https:\/\/www.evercoat.com\/es\/wp-json\/wp\/v2\/product\/28945","targetHints":{"allow":["GET"]}}],"collection":[{"href":"https:\/\/www.evercoat.com\/es\/wp-json\/wp\/v2\/product"}],"about":[{"href":"https:\/\/www.evercoat.com\/es\/wp-json\/wp\/v2\/types\/product"}],"replies":[{"embeddable":true,"href":"https:\/\/www.evercoat.com\/es\/wp-json\/wp\/v2\/comments?post=28945"}],"wp:featuredmedia":[{"embeddable":true,"href":"https:\/\/www.evercoat.com\/es\/wp-json\/wp\/v2\/media\/28978"}],"wp:attachment":[{"href":"https:\/\/www.evercoat.com\/es\/wp-json\/wp\/v2\/media?parent=28945"}],"wp:term":[{"taxonomy":"product_brand","embeddable":true,"href":"https:\/\/www.evercoat.com\/es\/wp-json\/wp\/v2\/product_brand?post=28945"},{"taxonomy":"product_cat","embeddable":true,"href":"https:\/\/www.evercoat.com\/es\/wp-json\/wp\/v2\/product_cat?post=28945"},{"taxonomy":"product_tag","embeddable":true,"href":"https:\/\/www.evercoat.com\/es\/wp-json\/wp\/v2\/product_tag?post=28945"}],"curies":[{"name":"wp","href":"https:\/\/api.w.org\/{rel}","templated":true}]}}