{"id":24,"date":"2022-07-14T16:21:22","date_gmt":"2022-07-14T16:21:22","guid":{"rendered":"https:\/\/evercoat.fmtemp.com\/?page_id=24"},"modified":"2025-06-30T17:57:08","modified_gmt":"2025-06-30T17:57:08","slug":"company","status":"publish","type":"page","link":"https:\/\/www.evercoat.com\/es\/company\/","title":{"rendered":"Compa\u00f1\u00eda"},"content":{"rendered":"<p>[et_pb_section fb_built=&#8221;1&#8243; fullwidth=&#8221;on&#8221; _builder_version=&#8221;4.17.4&#8243; _module_preset=&#8221;default&#8221; use_background_color_gradient=&#8221;on&#8221; background_color_gradient_direction=&#8221;90deg&#8221; background_color_gradient_stops=&#8221;rgba(66,66,66,0.69) 30%|rgba(255,255,255,0) 100%&#8221; background_color_gradient_overlays_image=&#8221;on&#8221; background_image=&#8221;https:\/\/www.evercoat.com\/es\/wp-content\/uploads\/sites\/2\/2022\/09\/EVERCOATSchoolBuilding.png&#8221; height=&#8221;50vh&#8221; height_tablet=&#8221;50vh&#8221; height_phone=&#8221;50vh&#8221; height_last_edited=&#8221;on|desktop&#8221; global_colors_info=&#8221;{}&#8221;][et_pb_fullwidth_header title=&#8221;Our Mission&#8221; subhead=&#8221;Creamos soluciones innovadoras para reparar y restaurar el coche que te mueve.&#8221; _builder_version=&#8221;4.27.4&#8243; _module_preset=&#8221;default&#8221; title_text_color=&#8221;#FFFFFF&#8221; title_font_size=&#8221;72px&#8221; title_line_height=&#8221;1.3em&#8221; content_font=&#8221;|800|||||||&#8221; content_text_color=&#8221;#FFFFFF&#8221; content_font_size=&#8221;23px&#8221; subhead_font=&#8221;|800|||||||&#8221; subhead_text_color=&#8221;#FFFFFF&#8221; subhead_font_size=&#8221;26px&#8221; background_enable_color=&#8221;off&#8221; transform_scale_tablet=&#8221;&#8221; transform_scale_phone=&#8221;&#8221; transform_scale_last_edited=&#8221;on|desktop&#8221; transform_translate=&#8221;0px|85px&#8221; transform_translate_tablet=&#8221;0px|85px&#8221; transform_translate_phone=&#8221;0px|85px&#8221; transform_translate_last_edited=&#8221;on|desktop&#8221; transform_translate_linked=&#8221;off&#8221; transform_rotate_tablet=&#8221;&#8221; transform_rotate_phone=&#8221;&#8221; transform_rotate_last_edited=&#8221;on|desktop&#8221; transform_skew_tablet=&#8221;&#8221; transform_skew_phone=&#8221;&#8221; transform_skew_last_edited=&#8221;on|desktop&#8221; transform_origin_tablet=&#8221;&#8221; transform_origin_phone=&#8221;&#8221; transform_origin_last_edited=&#8221;on|desktop&#8221; transform_styles_last_edited=&#8221;on|desktop&#8221; vertical_offset_tablet=&#8221;&#8221; vertical_offset_phone=&#8221;&#8221; vertical_offset_last_edited=&#8221;on|phone&#8221; custom_margin_tablet=&#8221;&#8221; custom_margin_phone=&#8221;0px||||false|false&#8221; custom_margin_last_edited=&#8221;on|desktop&#8221; custom_padding=&#8221;||||false|false&#8221; hover_enabled=&#8221;0&#8243; title_font_size_tablet=&#8221;72px&#8221; title_font_size_phone=&#8221;42px&#8221; title_font_size_last_edited=&#8221;on|phone&#8221; content_font_size_tablet=&#8221;23px&#8221; content_font_size_phone=&#8221;18px&#8221; content_font_size_last_edited=&#8221;on|phone&#8221; transform_styles_tablet=&#8221;&#8221; transform_styles_phone=&#8221;&#8221; title_text_shadow_style=&#8221;preset1&#8243; subhead_text_shadow_style=&#8221;preset1&#8243; global_colors_info=&#8221;{}&#8221; sticky_enabled=&#8221;0&#8243;][\/et_pb_fullwidth_header][\/et_pb_section][et_pb_section fb_built=&#8221;1&#8243; _builder_version=&#8221;4.17.4&#8243; _module_preset=&#8221;default&#8221; global_colors_info=&#8221;{}&#8221;][et_pb_row _builder_version=&#8221;4.17.4&#8243; _module_preset=&#8221;default&#8221; custom_padding=&#8221;31px|||||&#8221; global_colors_info=&#8221;{}&#8221;][et_pb_column type=&#8221;4_4&#8243; _builder_version=&#8221;4.17.4&#8243; _module_preset=&#8221;default&#8221; global_colors_info=&#8221;{}&#8221;][et_pb_text _builder_version=&#8221;4.27.4&#8243; _module_preset=&#8221;default&#8221; custom_padding=&#8221;||0px|||&#8221; hover_enabled=&#8221;0&#8243; global_colors_info=&#8221;{}&#8221; sticky_enabled=&#8221;0&#8243;]<\/p>\n<h2>Sobre Nosotros<\/h2>\n<p>Evercoat, parte de la divisi\u00f3n global de reparaci\u00f3n de carrocer\u00edas de <span>Illinois Tool Works Inc.<\/span> (ITW), comenz\u00f3 como Fibre-Glass Evercoat en 1953, cuando nuestras primeras f\u00f3rmulas se desarrollaron en Cincinnati y se vendieron en todo EE. UU., principalmente para el mercado mar\u00edtimo. Poco despu\u00e9s de 1953, nos dimos cuenta de la necesidad de imprimaciones y masillas de buena calidad para el mercado de repuestos automotrices y comenzamos a comercializar los productos Evercoat dise\u00f1ados para su uso en la reparaci\u00f3n de carrocer\u00edas automotrices.[\/et_pb_text][et_pb_testimonial portrait_url=&#8221;data:image\/svg+xml;base64,PHN2ZyB3aWR0aD0iNTAwIiBoZWlnaHQ9IjUwMCIgdmlld0JveD0iMCAwIDUwMCA1MDAiIHhtbG5zPSJodHRwOi8vd3d3LnczLm9yZy8yMDAwL3N2ZyI+CiAgICA8ZyBmaWxsPSJub25lIiBmaWxsLXJ1bGU9ImV2ZW5vZGQiPgogICAgICAgIDxwYXRoIGZpbGw9IiNFQkVCRUIiIGQ9Ik0wIDBoNTAwdjUwMEgweiIvPgogICAgICAgIDxyZWN0IGZpbGwtb3BhY2l0eT0iLjEiIGZpbGw9IiMwMDAiIHg9IjY4IiB5PSIzMDUiIHdpZHRoPSIzNjQiIGhlaWdodD0iNTY4IiByeD0iMTgyIi8+CiAgICAgICAgPGNpcmNsZSBmaWxsLW9wYWNpdHk9Ii4xIiBmaWxsPSIjMDAwIiBjeD0iMjQ5IiBjeT0iMTcyIiByPSIxMDAiLz4KICAgIDwvZz4KPC9zdmc+Cg==&#8221; quote_icon_color=&#8221;#001689&#8243; quote_icon_background_color=&#8221;RGBA(255,255,255,0)&#8221; font_icon=&#8221;&#xf5de;||fa||900&#8243; portrait_width=&#8221;1px&#8221; portrait_height=&#8221;1px&#8221; job_title_tablet=&#8221;&#8221; job_title_phone=&#8221;&#8221; job_title_last_edited=&#8221;on|desktop&#8221; admin_label=&#8221;Mission Statement&#8221; _builder_version=&#8221;4.22.2&#8243; _module_preset=&#8221;default&#8221; global_colors_info=&#8221;{}&#8221;]<\/p>\n<h3 style=\"text-align: left;\"><strong>Nuestra Visi\u00f3n<\/strong><\/h3>\n<h5 style=\"text-align: left;\"><em>Ser el l\u00edder mundial en soluciones de reparaci\u00f3n de carrocer\u00edas automotrices que brinden calidad y confianza en cada reparaci\u00f3n.<\/em><\/h5>\n<p>[\/et_pb_testimonial][et_pb_text _builder_version=&#8221;4.22.2&#8243; _module_preset=&#8221;default&#8221; custom_padding=&#8221;||0px|||&#8221; global_colors_info=&#8221;{}&#8221;]Los profesionales de reparaci\u00f3n en carrocer\u00edas han confiado en Evercoat durante casi 70 a\u00f1os y nuestro compromiso con la calidad y la facilidad de aplicaci\u00f3n ha establecido a Evercoat como la marca de rellenadores n\u00famero uno en Am\u00e9rica del Norte y otros mercados globales.   Evercoat sigue siendo un l\u00edder en innovaci\u00f3n en la industria, con m\u00e1s de 35 patentes estadounidenses y extranjeras, y fue el primero en comercializar muchas tecnolog\u00edas patentadas, entre ellas: Rage, el primer rellenador sin manchas, y Rage\u00ae Ultra\u2122, el primer rellenador que utiliza ECORESIN\u2122, respetuoso con el medio ambiente.  M\u00e1s recientemente, Evercoat lanz\u00f3 el rellenador y masilla de cambio de color Rage\u00ae OPTEX\u00ae, y su nuevo sistema Light Speed\u2122 con tecnolog\u00eda de curado LED.<\/p>\n<p>Adem\u00e1s de su amplia gama y alta calidad de rellenadores y masillas, Evercoat tambi\u00e9n ofrece imprimaciones de poli\u00e9ster de alta construcci\u00f3n y resinas de fibra de vidrio, junto con otros productos auxiliares de valor agregado para ayudar a completar cada reparaci\u00f3n. El servicio y la capacitaci\u00f3n de Evercoat agregan valor a sus clientes al proporcionar POE de reparaci\u00f3n de carrocer\u00eda con aplicaci\u00f3n directa a la pintura que ahorran tiempo, lo que ayuda a respaldar la eficiencia y los niveles m\u00e1s altos de rendimiento en el taller.<\/p>\n<p>Para 2020, ITW Global Body Repair se asoci\u00f3 con ITW Global Brands y lanz\u00f3 su exclusiva marca minorista automotriz Evercoat Body Shop\u00ae.  Desde entonces, Evercoat tambi\u00e9n ha lanzado su marca para minoristas especializados \/ de hardware: Evercoat Garage Pro Series\u2122.<\/p>\n<p>Los rellenadores, las masillas y las imprimaciones de Evercoat se fabrican en los EE. UU. en Blue Ash, Ohio, y donde damos servicio a las ventas y distribuci\u00f3n globales.<a href=\"\/technical-resources#MaximCarts\"><\/a>[\/et_pb_text][\/et_pb_column][\/et_pb_row][\/et_pb_section]<\/p>\n","protected":false},"excerpt":{"rendered":"<p>Sobre Nosotros Evercoat, parte de la divisi\u00f3n global de reparaci\u00f3n de carrocer\u00edas de Illinois Tool Works Inc. (ITW), comenz\u00f3 como Fibre-Glass Evercoat en 1953, cuando nuestras primeras f\u00f3rmulas se desarrollaron en Cincinnati y se vendieron en todo EE. UU., principalmente para el mercado mar\u00edtimo. Poco despu\u00e9s de 1953, nos dimos cuenta de la necesidad de imprimaciones y masillas de buena calidad para el mercado de repuestos automotrices y comenzamos a comercializar los productos Evercoat dise\u00f1ados para su uso en la reparaci\u00f3n de carrocer\u00edas automotrices.Nuestra Visi\u00f3n Ser el l\u00edder mundial en soluciones de reparaci\u00f3n de carrocer\u00edas automotrices que brinden calidad y confianza en cada reparaci\u00f3n.Los profesionales de reparaci\u00f3n en carrocer\u00edas han confiado en Evercoat durante casi 70 a\u00f1os y nuestro compromiso con la calidad y la facilidad de aplicaci\u00f3n ha establecido a Evercoat como la marca de rellenadores n\u00famero uno en Am\u00e9rica del Norte y otros mercados globales. Evercoat sigue siendo un l\u00edder en innovaci\u00f3n en la industria, con m\u00e1s de 35 patentes estadounidenses y extranjeras, y fue el primero en comercializar muchas tecnolog\u00edas patentadas, entre ellas: Rage, el primer rellenador sin manchas, y Rage\u00ae Ultra\u2122, el primer rellenador que utiliza ECORESIN\u2122, respetuoso con el medio ambiente. M\u00e1s recientemente, Evercoat lanz\u00f3 [&hellip;]<\/p>\n","protected":false},"author":2,"featured_media":0,"parent":0,"menu_order":0,"comment_status":"closed","ping_status":"closed","template":"","meta":{"_acf_changed":false,"_et_pb_use_builder":"on","_et_pb_old_content":"","_et_gb_content_width":"","content-type":"","footnotes":""},"class_list":["post-24","page","type-page","status-publish","hentry"],"acf":[],"yoast_head":"<!-- This site is optimized with the Yoast SEO plugin v27.4 - https:\/\/yoast.com\/product\/yoast-seo-wordpress\/ -->\n<title>Compa\u00f1\u00eda - ITW Evercoat Spanish<\/title>\n<meta name=\"robots\" content=\"index, follow, max-snippet:-1, max-image-preview:large, max-video-preview:-1\" \/>\n<link rel=\"canonical\" href=\"https:\/\/www.evercoat.com\/es\/company\/\" \/>\n<meta property=\"og:locale\" content=\"en_US\" \/>\n<meta property=\"og:type\" content=\"article\" \/>\n<meta property=\"og:title\" content=\"Compa\u00f1\u00eda - ITW Evercoat Spanish\" \/>\n<meta property=\"og:description\" content=\"Sobre Nosotros Evercoat, parte de la divisi\u00f3n global de reparaci\u00f3n de carrocer\u00edas de Illinois Tool Works Inc. (ITW), comenz\u00f3 como Fibre-Glass Evercoat en 1953, cuando nuestras primeras f\u00f3rmulas se desarrollaron en Cincinnati y se vendieron en todo EE. UU., principalmente para el mercado mar\u00edtimo. Poco despu\u00e9s de 1953, nos dimos cuenta de la necesidad de imprimaciones y masillas de buena calidad para el mercado de repuestos automotrices y comenzamos a comercializar los productos Evercoat dise\u00f1ados para su uso en la reparaci\u00f3n de carrocer\u00edas automotrices.Nuestra Visi\u00f3n Ser el l\u00edder mundial en soluciones de reparaci\u00f3n de carrocer\u00edas automotrices que brinden calidad y confianza en cada reparaci\u00f3n.Los profesionales de reparaci\u00f3n en carrocer\u00edas han confiado en Evercoat durante casi 70 a\u00f1os y nuestro compromiso con la calidad y la facilidad de aplicaci\u00f3n ha establecido a Evercoat como la marca de rellenadores n\u00famero uno en Am\u00e9rica del Norte y otros mercados globales. Evercoat sigue siendo un l\u00edder en innovaci\u00f3n en la industria, con m\u00e1s de 35 patentes estadounidenses y extranjeras, y fue el primero en comercializar muchas tecnolog\u00edas patentadas, entre ellas: Rage, el primer rellenador sin manchas, y Rage\u00ae Ultra\u2122, el primer rellenador que utiliza ECORESIN\u2122, respetuoso con el medio ambiente. M\u00e1s recientemente, Evercoat lanz\u00f3 [&hellip;]\" \/>\n<meta property=\"og:url\" content=\"https:\/\/www.evercoat.com\/es\/company\/\" \/>\n<meta property=\"og:site_name\" content=\"ITW Evercoat Spanish\" \/>\n<meta property=\"article:modified_time\" content=\"2025-06-30T17:57:08+00:00\" \/>\n<meta name=\"twitter:card\" content=\"summary_large_image\" \/>\n<meta name=\"twitter:label1\" content=\"Est. reading time\" \/>\n\t<meta name=\"twitter:data1\" content=\"4 minutes\" \/>\n<script type=\"application\/ld+json\" class=\"yoast-schema-graph\">{\"@context\":\"https:\\\/\\\/schema.org\",\"@graph\":[{\"@type\":\"WebPage\",\"@id\":\"https:\\\/\\\/www.evercoat.com\\\/es\\\/company\\\/\",\"url\":\"https:\\\/\\\/www.evercoat.com\\\/es\\\/company\\\/\",\"name\":\"Compa\u00f1\u00eda - ITW Evercoat Spanish\",\"isPartOf\":{\"@id\":\"https:\\\/\\\/www.evercoat.com\\\/es\\\/#website\"},\"datePublished\":\"2022-07-14T16:21:22+00:00\",\"dateModified\":\"2025-06-30T17:57:08+00:00\",\"breadcrumb\":{\"@id\":\"https:\\\/\\\/www.evercoat.com\\\/es\\\/company\\\/#breadcrumb\"},\"inLanguage\":\"en-US\",\"potentialAction\":[{\"@type\":\"ReadAction\",\"target\":[\"https:\\\/\\\/www.evercoat.com\\\/es\\\/company\\\/\"]}]},{\"@type\":\"BreadcrumbList\",\"@id\":\"https:\\\/\\\/www.evercoat.com\\\/es\\\/company\\\/#breadcrumb\",\"itemListElement\":[{\"@type\":\"ListItem\",\"position\":1,\"name\":\"Home\",\"item\":\"https:\\\/\\\/www.evercoat.com\\\/es\\\/\"},{\"@type\":\"ListItem\",\"position\":2,\"name\":\"Compa\u00f1\u00eda\"}]},{\"@type\":\"WebSite\",\"@id\":\"https:\\\/\\\/www.evercoat.com\\\/es\\\/#website\",\"url\":\"https:\\\/\\\/www.evercoat.com\\\/es\\\/\",\"name\":\"ITW Evercoat Spanish\",\"description\":\"\",\"potentialAction\":[{\"@type\":\"SearchAction\",\"target\":{\"@type\":\"EntryPoint\",\"urlTemplate\":\"https:\\\/\\\/www.evercoat.com\\\/es\\\/?s={search_term_string}\"},\"query-input\":{\"@type\":\"PropertyValueSpecification\",\"valueRequired\":true,\"valueName\":\"search_term_string\"}}],\"inLanguage\":\"en-US\"}]}<\/script>\n<!-- \/ Yoast SEO plugin. -->","yoast_head_json":{"title":"Compa\u00f1\u00eda - ITW Evercoat Spanish","robots":{"index":"index","follow":"follow","max-snippet":"max-snippet:-1","max-image-preview":"max-image-preview:large","max-video-preview":"max-video-preview:-1"},"canonical":"https:\/\/www.evercoat.com\/es\/company\/","og_locale":"en_US","og_type":"article","og_title":"Compa\u00f1\u00eda - ITW Evercoat Spanish","og_description":"Sobre Nosotros Evercoat, parte de la divisi\u00f3n global de reparaci\u00f3n de carrocer\u00edas de Illinois Tool Works Inc. (ITW), comenz\u00f3 como Fibre-Glass Evercoat en 1953, cuando nuestras primeras f\u00f3rmulas se desarrollaron en Cincinnati y se vendieron en todo EE. UU., principalmente para el mercado mar\u00edtimo. Poco despu\u00e9s de 1953, nos dimos cuenta de la necesidad de imprimaciones y masillas de buena calidad para el mercado de repuestos automotrices y comenzamos a comercializar los productos Evercoat dise\u00f1ados para su uso en la reparaci\u00f3n de carrocer\u00edas automotrices.Nuestra Visi\u00f3n Ser el l\u00edder mundial en soluciones de reparaci\u00f3n de carrocer\u00edas automotrices que brinden calidad y confianza en cada reparaci\u00f3n.Los profesionales de reparaci\u00f3n en carrocer\u00edas han confiado en Evercoat durante casi 70 a\u00f1os y nuestro compromiso con la calidad y la facilidad de aplicaci\u00f3n ha establecido a Evercoat como la marca de rellenadores n\u00famero uno en Am\u00e9rica del Norte y otros mercados globales. Evercoat sigue siendo un l\u00edder en innovaci\u00f3n en la industria, con m\u00e1s de 35 patentes estadounidenses y extranjeras, y fue el primero en comercializar muchas tecnolog\u00edas patentadas, entre ellas: Rage, el primer rellenador sin manchas, y Rage\u00ae Ultra\u2122, el primer rellenador que utiliza ECORESIN\u2122, respetuoso con el medio ambiente. M\u00e1s recientemente, Evercoat lanz\u00f3 [&hellip;]","og_url":"https:\/\/www.evercoat.com\/es\/company\/","og_site_name":"ITW Evercoat Spanish","article_modified_time":"2025-06-30T17:57:08+00:00","twitter_card":"summary_large_image","twitter_misc":{"Est. reading time":"4 minutes"},"schema":{"@context":"https:\/\/schema.org","@graph":[{"@type":"WebPage","@id":"https:\/\/www.evercoat.com\/es\/company\/","url":"https:\/\/www.evercoat.com\/es\/company\/","name":"Compa\u00f1\u00eda - ITW Evercoat Spanish","isPartOf":{"@id":"https:\/\/www.evercoat.com\/es\/#website"},"datePublished":"2022-07-14T16:21:22+00:00","dateModified":"2025-06-30T17:57:08+00:00","breadcrumb":{"@id":"https:\/\/www.evercoat.com\/es\/company\/#breadcrumb"},"inLanguage":"en-US","potentialAction":[{"@type":"ReadAction","target":["https:\/\/www.evercoat.com\/es\/company\/"]}]},{"@type":"BreadcrumbList","@id":"https:\/\/www.evercoat.com\/es\/company\/#breadcrumb","itemListElement":[{"@type":"ListItem","position":1,"name":"Home","item":"https:\/\/www.evercoat.com\/es\/"},{"@type":"ListItem","position":2,"name":"Compa\u00f1\u00eda"}]},{"@type":"WebSite","@id":"https:\/\/www.evercoat.com\/es\/#website","url":"https:\/\/www.evercoat.com\/es\/","name":"ITW Evercoat Spanish","description":"","potentialAction":[{"@type":"SearchAction","target":{"@type":"EntryPoint","urlTemplate":"https:\/\/www.evercoat.com\/es\/?s={search_term_string}"},"query-input":{"@type":"PropertyValueSpecification","valueRequired":true,"valueName":"search_term_string"}}],"inLanguage":"en-US"}]}},"_links":{"self":[{"href":"https:\/\/www.evercoat.com\/es\/wp-json\/wp\/v2\/pages\/24","targetHints":{"allow":["GET"]}}],"collection":[{"href":"https:\/\/www.evercoat.com\/es\/wp-json\/wp\/v2\/pages"}],"about":[{"href":"https:\/\/www.evercoat.com\/es\/wp-json\/wp\/v2\/types\/page"}],"author":[{"embeddable":true,"href":"https:\/\/www.evercoat.com\/es\/wp-json\/wp\/v2\/users\/2"}],"replies":[{"embeddable":true,"href":"https:\/\/www.evercoat.com\/es\/wp-json\/wp\/v2\/comments?post=24"}],"version-history":[{"count":0,"href":"https:\/\/www.evercoat.com\/es\/wp-json\/wp\/v2\/pages\/24\/revisions"}],"wp:attachment":[{"href":"https:\/\/www.evercoat.com\/es\/wp-json\/wp\/v2\/media?parent=24"}],"curies":[{"name":"wp","href":"https:\/\/api.w.org\/{rel}","templated":true}]}}